{"id":837,"date":"2023-04-21T18:19:51","date_gmt":"2023-04-21T16:19:51","guid":{"rendered":"https:\/\/www.overboardalghero.com\/escursioni\/"},"modified":"2023-06-13T17:56:11","modified_gmt":"2023-06-13T15:56:11","slug":"excursions","status":"publish","type":"page","link":"https:\/\/www.overboardalghero.com\/fr\/excursions\/","title":{"rendered":"Excursions"},"content":{"rendered":"\t\t<div data-elementor-type=\"wp-page\" data-elementor-id=\"837\" class=\"elementor elementor-837 elementor-321\" data-elementor-post-type=\"page\">\n\t\t\t\t\t\t<section class=\"elementor-section elementor-top-section elementor-element elementor-element-1861110 elementor-section-height-min-height elementor-section-content-middle elementor-section-boxed elementor-section-height-default elementor-section-items-middle\" data-id=\"1861110\" data-element_type=\"section\" data-settings=\"{&quot;background_background&quot;:&quot;classic&quot;,&quot;shape_divider_bottom&quot;:&quot;waves&quot;}\">\n\t\t\t\t\t<div class=\"elementor-shape elementor-shape-bottom\" data-negative=\"false\">\n\t\t\t<svg xmlns=\"http:\/\/www.w3.org\/2000\/svg\" viewBox=\"0 0 1000 100\" preserveAspectRatio=\"none\">\n\t<path class=\"elementor-shape-fill\" d=\"M421.9,6.5c22.6-2.5,51.5,0.4,75.5,5.3c23.6,4.9,70.9,23.5,100.5,35.7c75.8,32.2,133.7,44.5,192.6,49.7\n\tc23.6,2.1,48.7,3.5,103.4-2.5c54.7-6,106.2-25.6,106.2-25.6V0H0v30.3c0,0,72,32.6,158.4,30.5c39.2-0.7,92.8-6.7,134-22.4\n\tc21.2-8.1,52.2-18.2,79.7-24.2C399.3,7.9,411.6,7.5,421.9,6.5z\"\/>\n<\/svg>\t\t<\/div>\n\t\t\t\t\t<div class=\"elementor-container elementor-column-gap-no\">\n\t\t\t\t\t<div class=\"elementor-column elementor-col-100 elementor-top-column elementor-element elementor-element-8970b3f\" data-id=\"8970b3f\" data-element_type=\"column\">\n\t\t\t<div class=\"elementor-widget-wrap elementor-element-populated\">\n\t\t\t\t\t\t<div class=\"elementor-element elementor-element-4e731bb elementor-widget elementor-widget-heading\" data-id=\"4e731bb\" data-element_type=\"widget\" data-widget_type=\"heading.default\">\n\t\t\t\t<div class=\"elementor-widget-container\">\n\t\t\t\t\t<h2 class=\"elementor-heading-title elementor-size-default\">Excursions<\/h2>\t\t\t\t<\/div>\n\t\t\t\t<\/div>\n\t\t\t\t\t<\/div>\n\t\t<\/div>\n\t\t\t\t\t<\/div>\n\t\t<\/section>\n\t\t\t\t<section class=\"elementor-section elementor-top-section elementor-element elementor-element-b4725e3 elementor-section-boxed elementor-section-height-default elementor-section-height-default\" data-id=\"b4725e3\" data-element_type=\"section\" data-settings=\"{&quot;background_background&quot;:&quot;classic&quot;}\">\n\t\t\t\t\t\t<div class=\"elementor-container elementor-column-gap-default\">\n\t\t\t\t\t<div class=\"elementor-column elementor-col-100 elementor-top-column elementor-element elementor-element-14f7d8f\" data-id=\"14f7d8f\" data-element_type=\"column\">\n\t\t\t<div class=\"elementor-widget-wrap elementor-element-populated\">\n\t\t\t\t\t\t<section class=\"elementor-section elementor-inner-section elementor-element elementor-element-441351c elementor-section-full_width elementor-section-height-default elementor-section-height-default\" data-id=\"441351c\" data-element_type=\"section\">\n\t\t\t\t\t\t<div class=\"elementor-container elementor-column-gap-default\">\n\t\t\t\t\t<div class=\"elementor-column elementor-col-50 elementor-inner-column elementor-element elementor-element-95fb918 animated-fast elementor-invisible\" data-id=\"95fb918\" data-element_type=\"column\" data-settings=\"{&quot;background_background&quot;:&quot;classic&quot;,&quot;animation&quot;:&quot;fadeInLeft&quot;,&quot;animation_delay&quot;:500}\">\n\t\t\t<div class=\"elementor-widget-wrap elementor-element-populated\">\n\t\t\t\t\t\t<div class=\"elementor-element elementor-element-0fdc89b elementor-widget elementor-widget-text-editor\" data-id=\"0fdc89b\" data-element_type=\"widget\" data-settings=\"{&quot;_animation&quot;:&quot;none&quot;}\" data-widget_type=\"text-editor.default\">\n\t\t\t\t<div class=\"elementor-widget-container\">\n\t\t\t\t\t\t\t\t\t<p>30 merveilleuses \u00e9tapes au choix<\/p>\t\t\t\t\t\t\t\t<\/div>\n\t\t\t\t<\/div>\n\t\t\t\t<div class=\"elementor-element elementor-element-a94a1c6 elementor-widget elementor-widget-text-editor\" data-id=\"a94a1c6\" data-element_type=\"widget\" data-settings=\"{&quot;_animation&quot;:&quot;none&quot;}\" data-widget_type=\"text-editor.default\">\n\t\t\t\t<div class=\"elementor-widget-container\">\n\t\t\t\t\t\t\t\t\t<p>Louer une embarcation avec <strong>OverBoard<\/strong>, c&rsquo;est profiter de 10 ans d&rsquo;exp\u00e9rience dans le secteur, de la s\u00e9curit\u00e9, de la courtoisie, de la disponibilit\u00e9 et de la certitude de vivre une journ\u00e9e inoubliable parmi les beaut\u00e9s de la mer d&rsquo;Alghero.<\/p><p>\u00a0<\/p><p>Notre itin\u00e9raire comprend plus de <strong>30 \u00e9tapes \u00e0 visiter<\/strong>, diss\u00e9min\u00e9es sur toute la c\u00f4te d&rsquo;Alghero, au choix ! Laissez-vous ravir par les paysages \u00e9poustouflants, les eaux cristallines et la vie sous-marine anim\u00e9e des fonds marins de la <strong>Riviera del Corallo<\/strong> !<\/p>\t\t\t\t\t\t\t\t<\/div>\n\t\t\t\t<\/div>\n\t\t\t\t\t<\/div>\n\t\t<\/div>\n\t\t\t\t<div class=\"elementor-column elementor-col-50 elementor-inner-column elementor-element elementor-element-7a1bc3b animated-fast elementor-hidden-mobile elementor-invisible\" data-id=\"7a1bc3b\" data-element_type=\"column\" data-settings=\"{&quot;background_background&quot;:&quot;classic&quot;,&quot;animation&quot;:&quot;fadeInRight&quot;,&quot;animation_delay&quot;:500}\">\n\t\t\t<div class=\"elementor-widget-wrap\">\n\t\t\t\t\t\t\t<\/div>\n\t\t<\/div>\n\t\t\t\t\t<\/div>\n\t\t<\/section>\n\t\t\t\t<div class=\"elementor-element elementor-element-ce81183 elementor-cta--layout-image-left elementor-cta--valign-middle elementor-cta--mobile-layout-image-above blocco-itinerari elementor-cta--skin-classic elementor-animated-content elementor-bg-transform elementor-bg-transform-zoom-in elementor-widget elementor-widget-call-to-action\" data-id=\"ce81183\" data-element_type=\"widget\" data-widget_type=\"call-to-action.default\">\n\t\t\t\t<div class=\"elementor-widget-container\">\n\t\t\t\t\t\t\t<div class=\"elementor-cta\">\n\t\t\t\t\t<div class=\"elementor-cta__bg-wrapper\">\n\t\t\t\t<div class=\"elementor-cta__bg elementor-bg\" style=\"background-image: url(https:\/\/www.overboardalghero.com\/wp-content\/uploads\/2023\/04\/foradada.jpg);\" role=\"img\" aria-label=\"foradada\"><\/div>\n\t\t\t\t<div class=\"elementor-cta__bg-overlay\"><\/div>\n\t\t\t<\/div>\n\t\t\t\t\t\t\t<div class=\"elementor-cta__content\">\n\t\t\t\t\n\t\t\t\t\t\t\t\t\t<h4 class=\"elementor-cta__title elementor-cta__content-item elementor-content-item\">\n\t\t\t\t\t\t\u00ceLE FORADADA\t\t\t\t\t<\/h4>\n\t\t\t\t\n\t\t\t\t\t\t\t\t\t<div class=\"elementor-cta__description elementor-cta__content-item elementor-content-item\">\n\t\t\t\t\t\tL'\u00eele de Foradada est l'une des principales \u00e9tapes de notre itin\u00e9raire ! Une imposante roche calcaire blanch\u00e2tre qui se trouve juste \u00e0 c\u00f4t\u00e9 du promontoire de Capo Caccia, sur le territoire d'Alghero. On l'appelle ainsi car elle est \"perfor\u00e9e\" de part en part par une grotte partiellement submerg\u00e9e creus\u00e9e par la mer. \t\t\t\t\t<\/div>\n\t\t\t\t\n\t\t\t\t\t\t\t<\/div>\n\t\t\t\t\t\t<\/div>\n\t\t\t\t\t\t<\/div>\n\t\t\t\t<\/div>\n\t\t\t\t<div class=\"elementor-element elementor-element-ea2236b elementor-cta--layout-image-right elementor-cta--valign-middle elementor-cta--mobile-layout-image-above blocco-itinerari elementor-cta--skin-classic elementor-animated-content elementor-bg-transform elementor-bg-transform-zoom-in elementor-widget elementor-widget-call-to-action\" data-id=\"ea2236b\" data-element_type=\"widget\" data-widget_type=\"call-to-action.default\">\n\t\t\t\t<div class=\"elementor-widget-container\">\n\t\t\t\t\t\t\t<div class=\"elementor-cta\">\n\t\t\t\t\t<div class=\"elementor-cta__bg-wrapper\">\n\t\t\t\t<div class=\"elementor-cta__bg elementor-bg\" style=\"background-image: url(https:\/\/www.overboardalghero.com\/wp-content\/uploads\/2023\/05\/escursione-portoconte-1.jpg);\" role=\"img\" aria-label=\"escursione-portoconte\"><\/div>\n\t\t\t\t<div class=\"elementor-cta__bg-overlay\"><\/div>\n\t\t\t<\/div>\n\t\t\t\t\t\t\t<div class=\"elementor-cta__content\">\n\t\t\t\t\n\t\t\t\t\t\t\t\t\t<h4 class=\"elementor-cta__title elementor-cta__content-item elementor-content-item\">\n\t\t\t\t\t\tBAIE DE PORTO CONTE\t\t\t\t\t<\/h4>\n\t\t\t\t\n\t\t\t\t\t\t\t\t\t<div class=\"elementor-cta__description elementor-cta__content-item elementor-content-item\">\n\t\t\t\t\t\tLa baie de Porto Conte (Portu Conte en sarde, Port del Comte en catalan) est une entr\u00e9e naturelle de la Riviera del Corallo, sur la merveilleuse c\u00f4te nord-ouest de la Sardaigne. Elle est enclav\u00e9e entre les promontoires karstiques de Capo Caccia et Punta Giglio. Avec ses eaux transparentes, la beaut\u00e9 de la baie vous laissera bouche b\u00e9e. \t\t\t\t\t<\/div>\n\t\t\t\t\n\t\t\t\t\t\t\t<\/div>\n\t\t\t\t\t\t<\/div>\n\t\t\t\t\t\t<\/div>\n\t\t\t\t<\/div>\n\t\t\t\t<div class=\"elementor-element elementor-element-08c5185 elementor-cta--layout-image-left elementor-cta--valign-middle elementor-cta--mobile-layout-image-above blocco-itinerari elementor-cta--skin-classic elementor-animated-content elementor-bg-transform elementor-bg-transform-zoom-in elementor-widget elementor-widget-call-to-action\" data-id=\"08c5185\" data-element_type=\"widget\" data-widget_type=\"call-to-action.default\">\n\t\t\t\t<div class=\"elementor-widget-container\">\n\t\t\t\t\t\t\t<div class=\"elementor-cta\">\n\t\t\t\t\t<div class=\"elementor-cta__bg-wrapper\">\n\t\t\t\t<div class=\"elementor-cta__bg elementor-bg\" style=\"background-image: url(https:\/\/www.overboardalghero.com\/wp-content\/uploads\/2023\/05\/escursione-tramariglio.jpg);\" role=\"img\" aria-label=\"escursione-tramariglio\"><\/div>\n\t\t\t\t<div class=\"elementor-cta__bg-overlay\"><\/div>\n\t\t\t<\/div>\n\t\t\t\t\t\t\t<div class=\"elementor-cta__content\">\n\t\t\t\t\n\t\t\t\t\t\t\t\t\t<h4 class=\"elementor-cta__title elementor-cta__content-item elementor-content-item\">\n\t\t\t\t\t\tTRAMARIGLIO\t\t\t\t\t<\/h4>\n\t\t\t\t\n\t\t\t\t\t\t\t\t\t<div class=\"elementor-cta__description elementor-cta__content-item elementor-content-item\">\n\t\t\t\t\t\tLa plage de Tramariglio est situ\u00e9e dans la Baie de Porto Conte. La plage se caract\u00e9rise par un fond sablonneux et des galets polis par la mer, qui s\u2019unissent merveilleusement dans les eaux cristallines d'un bleu iris\u00e9 intense. Entour\u00e9e d'un \u00e9pais maquis m\u00e9diterran\u00e9en, elle est surveill\u00e9e du haut du promontoire au sud par l'antique et fascinante Torre del Tramariglio.\t\t\t\t\t<\/div>\n\t\t\t\t\n\t\t\t\t\t\t\t<\/div>\n\t\t\t\t\t\t<\/div>\n\t\t\t\t\t\t<\/div>\n\t\t\t\t<\/div>\n\t\t\t\t\t<\/div>\n\t\t<\/div>\n\t\t\t\t\t<\/div>\n\t\t<\/section>\n\t\t\t\t<\/div>\n\t\t","protected":false},"excerpt":{"rendered":"<p>Excursions 30 merveilleuses \u00e9tapes au choix Louer une embarcation avec OverBoard, c&rsquo;est profiter de 10 ans d&rsquo;exp\u00e9rience dans le secteur, de la s\u00e9curit\u00e9, de la courtoisie, de la disponibilit\u00e9 et de la certitude de vivre une journ\u00e9e inoubliable parmi les beaut\u00e9s de la mer d&rsquo;Alghero. \u00a0 Notre itin\u00e9raire comprend plus de 30 \u00e9tapes \u00e0 visiter,&hellip; <a class=\"more-link\" href=\"https:\/\/www.overboardalghero.com\/fr\/excursions\/\">Poursuivre la lecture <span class=\"screen-reader-text\">Excursions<\/span><\/a><\/p>\n","protected":false},"author":1,"featured_media":0,"parent":0,"menu_order":0,"comment_status":"closed","ping_status":"closed","template":"elementor_header_footer","meta":{"footnotes":""},"class_list":["post-837","page","type-page","status-publish","hentry","entry"],"yoast_head":"<!-- This site is optimized with the Yoast SEO plugin v24.9 - https:\/\/yoast.com\/wordpress\/plugins\/seo\/ -->\n<title>Notre itin\u00e9raire<\/title>\n<meta name=\"description\" content=\"Choisissez parmi plus de 30 \u00e9tapes \u00e0 visiter ! Vivez une excursion \u00e9mouvante parmi les paysages \u00e9poustouflants et les eaux transparentes de la Riviera del Corallo !\" \/>\n<meta name=\"robots\" content=\"index, follow, max-snippet:-1, max-image-preview:large, max-video-preview:-1\" \/>\n<link rel=\"canonical\" href=\"https:\/\/www.overboardalghero.com\/fr\/excursions\/\" \/>\n<meta property=\"og:locale\" content=\"fr_FR\" \/>\n<meta property=\"og:type\" content=\"article\" \/>\n<meta property=\"og:title\" content=\"Notre itin\u00e9raire\" \/>\n<meta property=\"og:description\" content=\"Choisissez parmi plus de 30 \u00e9tapes \u00e0 visiter ! Vivez une excursion \u00e9mouvante parmi les paysages \u00e9poustouflants et les eaux transparentes de la Riviera del Corallo !\" \/>\n<meta property=\"og:url\" content=\"https:\/\/www.overboardalghero.com\/fr\/excursions\/\" \/>\n<meta property=\"og:site_name\" content=\"Overboard Alghero\" \/>\n<meta property=\"article:modified_time\" content=\"2023-06-13T15:56:11+00:00\" \/>\n<meta name=\"twitter:card\" content=\"summary_large_image\" \/>\n<meta name=\"twitter:label1\" content=\"Dur\u00e9e de lecture estim\u00e9e\" \/>\n\t<meta name=\"twitter:data1\" content=\"2 minutes\" \/>\n<script type=\"application\/ld+json\" class=\"yoast-schema-graph\">{\"@context\":\"https:\/\/schema.org\",\"@graph\":[{\"@type\":\"WebPage\",\"@id\":\"https:\/\/www.overboardalghero.com\/fr\/excursions\/\",\"url\":\"https:\/\/www.overboardalghero.com\/fr\/excursions\/\",\"name\":\"Notre itin\u00e9raire\",\"isPartOf\":{\"@id\":\"https:\/\/www.overboardalghero.com\/#website\"},\"datePublished\":\"2023-04-21T16:19:51+00:00\",\"dateModified\":\"2023-06-13T15:56:11+00:00\",\"description\":\"Choisissez parmi plus de 30 \u00e9tapes \u00e0 visiter ! Vivez une excursion \u00e9mouvante parmi les paysages \u00e9poustouflants et les eaux transparentes de la Riviera del Corallo !\",\"breadcrumb\":{\"@id\":\"https:\/\/www.overboardalghero.com\/fr\/excursions\/#breadcrumb\"},\"inLanguage\":\"fr-FR\",\"potentialAction\":[{\"@type\":\"ReadAction\",\"target\":[\"https:\/\/www.overboardalghero.com\/fr\/excursions\/\"]}]},{\"@type\":\"BreadcrumbList\",\"@id\":\"https:\/\/www.overboardalghero.com\/fr\/excursions\/#breadcrumb\",\"itemListElement\":[{\"@type\":\"ListItem\",\"position\":1,\"name\":\"Home\",\"item\":\"https:\/\/www.overboardalghero.com\/fr\/\"},{\"@type\":\"ListItem\",\"position\":2,\"name\":\"Excursions\"}]},{\"@type\":\"WebSite\",\"@id\":\"https:\/\/www.overboardalghero.com\/#website\",\"url\":\"https:\/\/www.overboardalghero.com\/\",\"name\":\"Overboard Alghero\",\"description\":\"Noleggio imbarcazioni\",\"publisher\":{\"@id\":\"https:\/\/www.overboardalghero.com\/#organization\"},\"potentialAction\":[{\"@type\":\"SearchAction\",\"target\":{\"@type\":\"EntryPoint\",\"urlTemplate\":\"https:\/\/www.overboardalghero.com\/?s={search_term_string}\"},\"query-input\":{\"@type\":\"PropertyValueSpecification\",\"valueRequired\":true,\"valueName\":\"search_term_string\"}}],\"inLanguage\":\"fr-FR\"},{\"@type\":\"Organization\",\"@id\":\"https:\/\/www.overboardalghero.com\/#organization\",\"name\":\"Overboard Alghero\",\"url\":\"https:\/\/www.overboardalghero.com\/\",\"logo\":{\"@type\":\"ImageObject\",\"inLanguage\":\"fr-FR\",\"@id\":\"https:\/\/www.overboardalghero.com\/#\/schema\/logo\/image\/\",\"url\":\"https:\/\/www.overboardalghero.com\/wp-content\/uploads\/2023\/04\/logo360.png\",\"contentUrl\":\"https:\/\/www.overboardalghero.com\/wp-content\/uploads\/2023\/04\/logo360.png\",\"width\":360,\"height\":75,\"caption\":\"Overboard Alghero\"},\"image\":{\"@id\":\"https:\/\/www.overboardalghero.com\/#\/schema\/logo\/image\/\"}}]}<\/script>\n<!-- \/ Yoast SEO plugin. -->","yoast_head_json":{"title":"Notre itin\u00e9raire","description":"Choisissez parmi plus de 30 \u00e9tapes \u00e0 visiter ! Vivez une excursion \u00e9mouvante parmi les paysages \u00e9poustouflants et les eaux transparentes de la Riviera del Corallo !","robots":{"index":"index","follow":"follow","max-snippet":"max-snippet:-1","max-image-preview":"max-image-preview:large","max-video-preview":"max-video-preview:-1"},"canonical":"https:\/\/www.overboardalghero.com\/fr\/excursions\/","og_locale":"fr_FR","og_type":"article","og_title":"Notre itin\u00e9raire","og_description":"Choisissez parmi plus de 30 \u00e9tapes \u00e0 visiter ! Vivez une excursion \u00e9mouvante parmi les paysages \u00e9poustouflants et les eaux transparentes de la Riviera del Corallo !","og_url":"https:\/\/www.overboardalghero.com\/fr\/excursions\/","og_site_name":"Overboard Alghero","article_modified_time":"2023-06-13T15:56:11+00:00","twitter_card":"summary_large_image","twitter_misc":{"Dur\u00e9e de lecture estim\u00e9e":"2 minutes"},"schema":{"@context":"https:\/\/schema.org","@graph":[{"@type":"WebPage","@id":"https:\/\/www.overboardalghero.com\/fr\/excursions\/","url":"https:\/\/www.overboardalghero.com\/fr\/excursions\/","name":"Notre itin\u00e9raire","isPartOf":{"@id":"https:\/\/www.overboardalghero.com\/#website"},"datePublished":"2023-04-21T16:19:51+00:00","dateModified":"2023-06-13T15:56:11+00:00","description":"Choisissez parmi plus de 30 \u00e9tapes \u00e0 visiter ! Vivez une excursion \u00e9mouvante parmi les paysages \u00e9poustouflants et les eaux transparentes de la Riviera del Corallo !","breadcrumb":{"@id":"https:\/\/www.overboardalghero.com\/fr\/excursions\/#breadcrumb"},"inLanguage":"fr-FR","potentialAction":[{"@type":"ReadAction","target":["https:\/\/www.overboardalghero.com\/fr\/excursions\/"]}]},{"@type":"BreadcrumbList","@id":"https:\/\/www.overboardalghero.com\/fr\/excursions\/#breadcrumb","itemListElement":[{"@type":"ListItem","position":1,"name":"Home","item":"https:\/\/www.overboardalghero.com\/fr\/"},{"@type":"ListItem","position":2,"name":"Excursions"}]},{"@type":"WebSite","@id":"https:\/\/www.overboardalghero.com\/#website","url":"https:\/\/www.overboardalghero.com\/","name":"Overboard Alghero","description":"Noleggio imbarcazioni","publisher":{"@id":"https:\/\/www.overboardalghero.com\/#organization"},"potentialAction":[{"@type":"SearchAction","target":{"@type":"EntryPoint","urlTemplate":"https:\/\/www.overboardalghero.com\/?s={search_term_string}"},"query-input":{"@type":"PropertyValueSpecification","valueRequired":true,"valueName":"search_term_string"}}],"inLanguage":"fr-FR"},{"@type":"Organization","@id":"https:\/\/www.overboardalghero.com\/#organization","name":"Overboard Alghero","url":"https:\/\/www.overboardalghero.com\/","logo":{"@type":"ImageObject","inLanguage":"fr-FR","@id":"https:\/\/www.overboardalghero.com\/#\/schema\/logo\/image\/","url":"https:\/\/www.overboardalghero.com\/wp-content\/uploads\/2023\/04\/logo360.png","contentUrl":"https:\/\/www.overboardalghero.com\/wp-content\/uploads\/2023\/04\/logo360.png","width":360,"height":75,"caption":"Overboard Alghero"},"image":{"@id":"https:\/\/www.overboardalghero.com\/#\/schema\/logo\/image\/"}}]}},"_links":{"self":[{"href":"https:\/\/www.overboardalghero.com\/fr\/wp-json\/wp\/v2\/pages\/837","targetHints":{"allow":["GET"]}}],"collection":[{"href":"https:\/\/www.overboardalghero.com\/fr\/wp-json\/wp\/v2\/pages"}],"about":[{"href":"https:\/\/www.overboardalghero.com\/fr\/wp-json\/wp\/v2\/types\/page"}],"author":[{"embeddable":true,"href":"https:\/\/www.overboardalghero.com\/fr\/wp-json\/wp\/v2\/users\/1"}],"replies":[{"embeddable":true,"href":"https:\/\/www.overboardalghero.com\/fr\/wp-json\/wp\/v2\/comments?post=837"}],"version-history":[{"count":20,"href":"https:\/\/www.overboardalghero.com\/fr\/wp-json\/wp\/v2\/pages\/837\/revisions"}],"predecessor-version":[{"id":1128,"href":"https:\/\/www.overboardalghero.com\/fr\/wp-json\/wp\/v2\/pages\/837\/revisions\/1128"}],"wp:attachment":[{"href":"https:\/\/www.overboardalghero.com\/fr\/wp-json\/wp\/v2\/media?parent=837"}],"curies":[{"name":"wp","href":"https:\/\/api.w.org\/{rel}","templated":true}]}}