{"id":845,"date":"2023-05-30T12:09:50","date_gmt":"2023-05-30T10:09:50","guid":{"rendered":"https:\/\/www.overboardalghero.com\/la-flotta\/"},"modified":"2025-04-23T11:20:57","modified_gmt":"2025-04-23T09:20:57","slug":"nuestra-flota","status":"publish","type":"page","link":"https:\/\/www.overboardalghero.com\/es\/nuestra-flota\/","title":{"rendered":"Nuestra flota"},"content":{"rendered":"\t\t<div data-elementor-type=\"wp-page\" data-elementor-id=\"845\" class=\"elementor elementor-845 elementor-435\" data-elementor-post-type=\"page\">\n\t\t\t\t\t\t<section class=\"elementor-section elementor-top-section elementor-element elementor-element-aba6d70 elementor-section-height-min-height elementor-section-content-middle elementor-section-boxed elementor-section-height-default elementor-section-items-middle\" data-id=\"aba6d70\" data-element_type=\"section\" data-settings=\"{&quot;background_background&quot;:&quot;classic&quot;,&quot;shape_divider_bottom&quot;:&quot;waves&quot;}\">\n\t\t\t\t\t<div class=\"elementor-shape elementor-shape-bottom\" data-negative=\"false\">\n\t\t\t<svg xmlns=\"http:\/\/www.w3.org\/2000\/svg\" viewBox=\"0 0 1000 100\" preserveAspectRatio=\"none\">\n\t<path class=\"elementor-shape-fill\" d=\"M421.9,6.5c22.6-2.5,51.5,0.4,75.5,5.3c23.6,4.9,70.9,23.5,100.5,35.7c75.8,32.2,133.7,44.5,192.6,49.7\n\tc23.6,2.1,48.7,3.5,103.4-2.5c54.7-6,106.2-25.6,106.2-25.6V0H0v30.3c0,0,72,32.6,158.4,30.5c39.2-0.7,92.8-6.7,134-22.4\n\tc21.2-8.1,52.2-18.2,79.7-24.2C399.3,7.9,411.6,7.5,421.9,6.5z\"\/>\n<\/svg>\t\t<\/div>\n\t\t\t\t\t<div class=\"elementor-container elementor-column-gap-no\">\n\t\t\t\t\t<div class=\"elementor-column elementor-col-100 elementor-top-column elementor-element elementor-element-6ddcfab\" data-id=\"6ddcfab\" data-element_type=\"column\">\n\t\t\t<div class=\"elementor-widget-wrap elementor-element-populated\">\n\t\t\t\t\t\t<div class=\"elementor-element elementor-element-6cb844f elementor-widget elementor-widget-heading\" data-id=\"6cb844f\" data-element_type=\"widget\" data-widget_type=\"heading.default\">\n\t\t\t\t<div class=\"elementor-widget-container\">\n\t\t\t\t\t<h2 class=\"elementor-heading-title elementor-size-default\">Nuestra flota <\/h2>\t\t\t\t<\/div>\n\t\t\t\t<\/div>\n\t\t\t\t\t<\/div>\n\t\t<\/div>\n\t\t\t\t\t<\/div>\n\t\t<\/section>\n\t\t\t\t<section class=\"elementor-section elementor-top-section elementor-element elementor-element-11c2253 elementor-section-boxed elementor-section-height-default elementor-section-height-default\" data-id=\"11c2253\" data-element_type=\"section\" data-settings=\"{&quot;background_background&quot;:&quot;classic&quot;}\">\n\t\t\t\t\t\t<div class=\"elementor-container elementor-column-gap-default\">\n\t\t\t\t\t<div class=\"elementor-column elementor-col-100 elementor-top-column elementor-element elementor-element-8c067e2\" data-id=\"8c067e2\" data-element_type=\"column\">\n\t\t\t<div class=\"elementor-widget-wrap elementor-element-populated\">\n\t\t\t\t\t\t<section class=\"elementor-section elementor-inner-section elementor-element elementor-element-64716f2 elementor-section-full_width elementor-section-height-default elementor-section-height-default\" data-id=\"64716f2\" data-element_type=\"section\">\n\t\t\t\t\t\t<div class=\"elementor-container elementor-column-gap-default\">\n\t\t\t\t\t<div class=\"elementor-column elementor-col-50 elementor-inner-column elementor-element elementor-element-f78447d animated-fast elementor-invisible\" data-id=\"f78447d\" data-element_type=\"column\" data-settings=\"{&quot;background_background&quot;:&quot;classic&quot;,&quot;animation&quot;:&quot;fadeInLeft&quot;,&quot;animation_delay&quot;:500}\">\n\t\t\t<div class=\"elementor-widget-wrap elementor-element-populated\">\n\t\t\t\t\t\t<div class=\"elementor-element elementor-element-927e746 elementor-widget elementor-widget-text-editor\" data-id=\"927e746\" data-element_type=\"widget\" data-settings=\"{&quot;_animation&quot;:&quot;none&quot;}\" data-widget_type=\"text-editor.default\">\n\t\t\t\t<div class=\"elementor-widget-container\">\n\t\t\t\t\t\t\t\t\t<p>Nuestra flota<\/p>\t\t\t\t\t\t\t\t<\/div>\n\t\t\t\t<\/div>\n\t\t\t\t<div class=\"elementor-element elementor-element-98d878d elementor-widget elementor-widget-text-editor\" data-id=\"98d878d\" data-element_type=\"widget\" data-settings=\"{&quot;_animation&quot;:&quot;none&quot;}\" data-widget_type=\"text-editor.default\">\n\t\t\t\t<div class=\"elementor-widget-container\">\n\t\t\t\t\t\t\t\t\t<p>Elige tu bote de alquiler favorito, para pilotar de forma aut\u00f3noma o con el servicio premium SKIPPER, donde uno de nuestros operadores te llevar\u00e1 a descubrir panoramas impresionantes, una incre\u00edble vida submarina con el snorkel y las bellezas secretas del mar de Alguer.<\/p>\t\t\t\t\t\t\t\t<\/div>\n\t\t\t\t<\/div>\n\t\t\t\t\t<\/div>\n\t\t<\/div>\n\t\t\t\t<div class=\"elementor-column elementor-col-50 elementor-inner-column elementor-element elementor-element-580de69 animated-fast elementor-hidden-mobile elementor-invisible\" data-id=\"580de69\" data-element_type=\"column\" data-settings=\"{&quot;background_background&quot;:&quot;classic&quot;,&quot;animation&quot;:&quot;fadeInRight&quot;,&quot;animation_delay&quot;:500}\">\n\t\t\t<div class=\"elementor-widget-wrap\">\n\t\t\t\t\t\t\t<\/div>\n\t\t<\/div>\n\t\t\t\t\t<\/div>\n\t\t<\/section>\n\t\t\t\t<div class=\"elementor-element elementor-element-d0f1096 elementor-cta--layout-image-left elementor-cta--valign-middle elementor-cta--mobile-layout-image-above blocco-itinerari elementor-cta--skin-classic elementor-animated-content elementor-bg-transform elementor-bg-transform-zoom-in elementor-widget elementor-widget-call-to-action\" data-id=\"d0f1096\" data-element_type=\"widget\" data-widget_type=\"call-to-action.default\">\n\t\t\t\t<div class=\"elementor-widget-container\">\n\t\t\t\t\t\t\t<div class=\"elementor-cta\">\n\t\t\t\t\t<div class=\"elementor-cta__bg-wrapper\">\n\t\t\t\t<div class=\"elementor-cta__bg elementor-bg\" style=\"background-image: url(https:\/\/www.overboardalghero.com\/wp-content\/uploads\/2023\/05\/gommone-zodiac.jpg);\" role=\"img\" aria-label=\"gommone-zodiac\"><\/div>\n\t\t\t\t<div class=\"elementor-cta__bg-overlay\"><\/div>\n\t\t\t<\/div>\n\t\t\t\t\t\t\t<div class=\"elementor-cta__content\">\n\t\t\t\t\n\t\t\t\t\t\t\t\t\t<h4 class=\"elementor-cta__title elementor-cta__content-item elementor-content-item\">\n\t\t\t\t\t\tBote inflable Zodiac \t\t\t\t\t<\/h4>\n\t\t\t\t\n\t\t\t\t\t\t\t\t\t<div class=\"elementor-cta__description elementor-cta__content-item elementor-content-item\">\n\t\t\t\t\t\t4,80 metros, 40 caballos, m\u00e1x. 4 personas.\n<br><br> \nEste bote inflable dispone de ducha con agua dulce, toldo y cojines. Tambi\u00e9n incluye todos los dispositivos de seguridad obligatorios, el kit de emergencia est\u00e1ndar y un dispositivo GPS de precisi\u00f3n m\u00e9trica que indica constantemente la posici\u00f3n de la embarcaci\u00f3n a nuestros operadores. \n<br><br>\nEl bote inflable de 40 CV se puede pilotar sin licencia n\u00e1utica, puede navegar a menos de una milla de la costa y situarse a una distancia m\u00ednima de 200 metros de la playa, para la seguridad de los ba\u00f1istas. \n<br><br>\n\n<script src=\"https:\/\/assets.ticketinghub.com\/checkout.js\" data-widget=\"074e3f92-36f3-40d5-b077-cef321137bdf\"><\/script>\t\t\t\t\t<\/div>\n\t\t\t\t\n\t\t\t\t\t\t\t<\/div>\n\t\t\t\t\t\t<\/div>\n\t\t\t\t\t\t<\/div>\n\t\t\t\t<\/div>\n\t\t\t\t<div class=\"elementor-element elementor-element-71bf064 elementor-cta--layout-image-right elementor-cta--valign-middle elementor-cta--mobile-layout-image-above blocco-itinerari elementor-cta--skin-classic elementor-animated-content elementor-bg-transform elementor-bg-transform-zoom-in elementor-widget elementor-widget-call-to-action\" data-id=\"71bf064\" data-element_type=\"widget\" data-widget_type=\"call-to-action.default\">\n\t\t\t\t<div class=\"elementor-widget-container\">\n\t\t\t\t\t\t\t<div class=\"elementor-cta\">\n\t\t\t\t\t<div class=\"elementor-cta__bg-wrapper\">\n\t\t\t\t<div class=\"elementor-cta__bg elementor-bg\" style=\"background-image: url(https:\/\/www.overboardalghero.com\/wp-content\/uploads\/2023\/04\/flotta1.jpg);\" role=\"img\" aria-label=\"flotta1\"><\/div>\n\t\t\t\t<div class=\"elementor-cta__bg-overlay\"><\/div>\n\t\t\t<\/div>\n\t\t\t\t\t\t\t<div class=\"elementor-cta__content\">\n\t\t\t\t\n\t\t\t\t\t\t\t\t\t<h4 class=\"elementor-cta__title elementor-cta__content-item elementor-content-item\">\n\t\t\t\t\t\tBote inflable Saver mg (Blanco)\t\t\t\t\t<\/h4>\n\t\t\t\t\n\t\t\t\t\t\t\t\t\t<div class=\"elementor-cta__description elementor-cta__content-item elementor-content-item\">\n\t\t\t\t\t\t5,80 metros, 40 caballos, m\u00e1x. 6 personas.\n<br><br>\nEste bote inflable premium dispone de ducha con agua dulce, toldo y cojines deluxe, tanto en la proa como en la popa, para un confort superior. Tambi\u00e9n incluye todos los dispositivos de seguridad obligatorios, el kit de emergencia para expertos y un dispositivo GPS de precisi\u00f3n m\u00e9trica que indica constantemente la posici\u00f3n de la embarcaci\u00f3n a nuestros operadores. \n<br><br>\nEl bote inflable de 40 CV se puede pilotar sin licencia n\u00e1utica, puede navegar a menos de una milla de la costa y tiene que situarse a una distancia m\u00ednima de 200 metros de la playa, para la seguridad de los ba\u00f1istas.\n<br><br>\n\n<script src=\"https:\/\/assets.ticketinghub.com\/checkout.js\" data-widget=\"0c04934d-6b05-4a2d-be22-8433e11fd1f4\"><\/script>\t\t\t\t\t<\/div>\n\t\t\t\t\n\t\t\t\t\t\t\t<\/div>\n\t\t\t\t\t\t<\/div>\n\t\t\t\t\t\t<\/div>\n\t\t\t\t<\/div>\n\t\t\t\t<div class=\"elementor-element elementor-element-186f6c5 elementor-cta--layout-image-left elementor-cta--valign-middle elementor-cta--mobile-layout-image-above blocco-itinerari elementor-cta--skin-classic elementor-animated-content elementor-bg-transform elementor-bg-transform-zoom-in elementor-widget elementor-widget-call-to-action\" data-id=\"186f6c5\" data-element_type=\"widget\" data-widget_type=\"call-to-action.default\">\n\t\t\t\t<div class=\"elementor-widget-container\">\n\t\t\t\t\t\t\t<div class=\"elementor-cta\">\n\t\t\t\t\t<div class=\"elementor-cta__bg-wrapper\">\n\t\t\t\t<div class=\"elementor-cta__bg elementor-bg\" style=\"background-image: url(https:\/\/www.overboardalghero.com\/wp-content\/uploads\/2024\/07\/saver-grigio2.jpg);\" role=\"img\" aria-label=\"saver-grigio2\"><\/div>\n\t\t\t\t<div class=\"elementor-cta__bg-overlay\"><\/div>\n\t\t\t<\/div>\n\t\t\t\t\t\t\t<div class=\"elementor-cta__content\">\n\t\t\t\t\n\t\t\t\t\t\t\t\t\t<h4 class=\"elementor-cta__title elementor-cta__content-item elementor-content-item\">\n\t\t\t\t\t\tBote inflable Saver mg (Gris)\t\t\t\t\t<\/h4>\n\t\t\t\t\n\t\t\t\t\t\t\t\t\t<div class=\"elementor-cta__description elementor-cta__content-item elementor-content-item\">\n\t\t\t\t\t\t5,80 metros, 40 caballos, m\u00e1x. 6 personas.\n<br><br>\nEste bote inflable premium dispone de ducha con agua dulce, toldo y cojines deluxe, tanto en la proa como en la popa, para un confort superior. Tambi\u00e9n incluye todos los dispositivos de seguridad obligatorios, el kit de emergencia para expertos y un dispositivo GPS de precisi\u00f3n m\u00e9trica que indica constantemente la posici\u00f3n de la embarcaci\u00f3n a nuestros operadores. \n<br><br>\nEl bote inflable de 40 CV se puede pilotar sin licencia n\u00e1utica, puede navegar a menos de una milla de la costa y tiene que situarse a una distancia m\u00ednima de 200 metros de la playa, para la seguridad de los ba\u00f1istas.\n<br><br>\n\n<script src=\"https:\/\/assets.ticketinghub.com\/checkout.js\" data-widget=\"9a9f55c3-5bd5-4adb-90f2-67620b823d3f\"><\/script>\t\t\t\t\t<\/div>\n\t\t\t\t\n\t\t\t\t\t\t\t<\/div>\n\t\t\t\t\t\t<\/div>\n\t\t\t\t\t\t<\/div>\n\t\t\t\t<\/div>\n\t\t\t\t<div class=\"elementor-element elementor-element-e434cfc elementor-cta--layout-image-right elementor-cta--valign-middle elementor-cta--mobile-layout-image-above blocco-itinerari elementor-cta--skin-classic elementor-animated-content elementor-bg-transform elementor-bg-transform-zoom-in elementor-widget elementor-widget-call-to-action\" data-id=\"e434cfc\" data-element_type=\"widget\" data-widget_type=\"call-to-action.default\">\n\t\t\t\t<div class=\"elementor-widget-container\">\n\t\t\t\t\t\t\t<div class=\"elementor-cta\">\n\t\t\t\t\t<div class=\"elementor-cta__bg-wrapper\">\n\t\t\t\t<div class=\"elementor-cta__bg elementor-bg\" style=\"background-image: url(https:\/\/www.overboardalghero.com\/wp-content\/uploads\/2023\/05\/gommone-bsc.jpg);\" role=\"img\" aria-label=\"gommone-bsc\"><\/div>\n\t\t\t\t<div class=\"elementor-cta__bg-overlay\"><\/div>\n\t\t\t<\/div>\n\t\t\t\t\t\t\t<div class=\"elementor-cta__content\">\n\t\t\t\t\n\t\t\t\t\t\t\t\t\t<h4 class=\"elementor-cta__title elementor-cta__content-item elementor-content-item\">\n\t\t\t\t\t\tBote inflable BSC \t\t\t\t\t<\/h4>\n\t\t\t\t\n\t\t\t\t\t\t\t\t\t<div class=\"elementor-cta__description elementor-cta__content-item elementor-content-item\">\n\t\t\t\t\t\t7 metros, 130 caballos, m\u00e1x. 8 personas.\n<br><br>\nEste bote inflable extra premium dispone de ducha con agua dulce, toldo y cojines deluxe, tanto en la proa como en la popa, para un confort superior. Tambi\u00e9n incluye todos los dispositivos de seguridad obligatorios, el kit de emergencia para expertos y un dispositivo GPS de precisi\u00f3n m\u00e9trica que indica constantemente la posici\u00f3n de la embarcaci\u00f3n a nuestros operadores. \n<br><br>\nEl bote inflable de 130 CV se puede pilotar solo si se dispone de la licencia n\u00e1utica, puede navegar a menos de tres millas de la costa y tiene que situarse a una distancia m\u00ednima de 200 metros de la playa, para la seguridad de los ba\u00f1istas.\t\t\t\t\t<\/div>\n\t\t\t\t\n\t\t\t\t\t\t\t<\/div>\n\t\t\t\t\t\t<\/div>\n\t\t\t\t\t\t<\/div>\n\t\t\t\t<\/div>\n\t\t\t\t\t<\/div>\n\t\t<\/div>\n\t\t\t\t\t<\/div>\n\t\t<\/section>\n\t\t\t\t<\/div>\n\t\t","protected":false},"excerpt":{"rendered":"<p>Nuestra flota Nuestra flota Elige tu bote de alquiler favorito, para pilotar de forma aut\u00f3noma o con el servicio premium SKIPPER, donde uno de nuestros operadores te llevar\u00e1 a descubrir panoramas impresionantes, una incre\u00edble vida submarina con el snorkel y las bellezas secretas del mar de Alguer. Bote inflable Zodiac 4,80 metros, 40 caballos, m\u00e1x.&hellip; <a class=\"more-link\" href=\"https:\/\/www.overboardalghero.com\/es\/nuestra-flota\/\">Seguir leyendo <span class=\"screen-reader-text\">Nuestra flota<\/span><\/a><\/p>\n","protected":false},"author":1,"featured_media":0,"parent":0,"menu_order":0,"comment_status":"closed","ping_status":"closed","template":"elementor_header_footer","meta":{"footnotes":""},"class_list":["post-845","page","type-page","status-publish","hentry","entry"],"yoast_head":"<!-- This site is optimized with the Yoast SEO plugin v24.9 - https:\/\/yoast.com\/wordpress\/plugins\/seo\/ -->\n<title>Nuestra flota<\/title>\n<meta name=\"description\" content=\"Elige tu bote inflable de alquiler preferido, con la opci\u00f3n de pilotar de forma aut\u00f3noma o con el servicio SKIPPER, y disfruta de una excursi\u00f3n inolvidable.\" \/>\n<meta name=\"robots\" content=\"index, follow, max-snippet:-1, max-image-preview:large, max-video-preview:-1\" \/>\n<link rel=\"canonical\" href=\"https:\/\/www.overboardalghero.com\/la-flotta\/\" \/>\n<meta property=\"og:locale\" content=\"es_ES\" \/>\n<meta property=\"og:type\" content=\"article\" \/>\n<meta property=\"og:title\" content=\"Nuestra flota\" \/>\n<meta property=\"og:description\" content=\"Elige tu bote inflable de alquiler preferido, con la opci\u00f3n de pilotar de forma aut\u00f3noma o con el servicio SKIPPER, y disfruta de una excursi\u00f3n inolvidable.\" \/>\n<meta property=\"og:url\" content=\"https:\/\/www.overboardalghero.com\/la-flotta\/\" \/>\n<meta property=\"og:site_name\" content=\"Overboard Alghero\" \/>\n<meta property=\"article:modified_time\" content=\"2025-04-23T09:20:57+00:00\" \/>\n<meta name=\"twitter:card\" content=\"summary_large_image\" \/>\n<meta name=\"twitter:label1\" content=\"Tiempo de lectura\" \/>\n\t<meta name=\"twitter:data1\" content=\"3 minutos\" \/>\n<script type=\"application\/ld+json\" class=\"yoast-schema-graph\">{\"@context\":\"https:\/\/schema.org\",\"@graph\":[{\"@type\":\"WebPage\",\"@id\":\"https:\/\/www.overboardalghero.com\/la-flotta\/\",\"url\":\"https:\/\/www.overboardalghero.com\/la-flotta\/\",\"name\":\"Nuestra flota\",\"isPartOf\":{\"@id\":\"https:\/\/www.overboardalghero.com\/#website\"},\"datePublished\":\"2023-05-30T10:09:50+00:00\",\"dateModified\":\"2025-04-23T09:20:57+00:00\",\"description\":\"Elige tu bote inflable de alquiler preferido, con la opci\u00f3n de pilotar de forma aut\u00f3noma o con el servicio SKIPPER, y disfruta de una excursi\u00f3n inolvidable.\",\"breadcrumb\":{\"@id\":\"https:\/\/www.overboardalghero.com\/la-flotta\/#breadcrumb\"},\"inLanguage\":\"es\",\"potentialAction\":[{\"@type\":\"ReadAction\",\"target\":[\"https:\/\/www.overboardalghero.com\/la-flotta\/\"]}]},{\"@type\":\"BreadcrumbList\",\"@id\":\"https:\/\/www.overboardalghero.com\/la-flotta\/#breadcrumb\",\"itemListElement\":[{\"@type\":\"ListItem\",\"position\":1,\"name\":\"Home\",\"item\":\"https:\/\/www.overboardalghero.com\/es\/\"},{\"@type\":\"ListItem\",\"position\":2,\"name\":\"Nuestra flota\"}]},{\"@type\":\"WebSite\",\"@id\":\"https:\/\/www.overboardalghero.com\/#website\",\"url\":\"https:\/\/www.overboardalghero.com\/\",\"name\":\"Overboard Alghero\",\"description\":\"Noleggio imbarcazioni\",\"publisher\":{\"@id\":\"https:\/\/www.overboardalghero.com\/#organization\"},\"potentialAction\":[{\"@type\":\"SearchAction\",\"target\":{\"@type\":\"EntryPoint\",\"urlTemplate\":\"https:\/\/www.overboardalghero.com\/?s={search_term_string}\"},\"query-input\":{\"@type\":\"PropertyValueSpecification\",\"valueRequired\":true,\"valueName\":\"search_term_string\"}}],\"inLanguage\":\"es\"},{\"@type\":\"Organization\",\"@id\":\"https:\/\/www.overboardalghero.com\/#organization\",\"name\":\"Overboard Alghero\",\"url\":\"https:\/\/www.overboardalghero.com\/\",\"logo\":{\"@type\":\"ImageObject\",\"inLanguage\":\"es\",\"@id\":\"https:\/\/www.overboardalghero.com\/#\/schema\/logo\/image\/\",\"url\":\"https:\/\/www.overboardalghero.com\/wp-content\/uploads\/2023\/04\/logo360.png\",\"contentUrl\":\"https:\/\/www.overboardalghero.com\/wp-content\/uploads\/2023\/04\/logo360.png\",\"width\":360,\"height\":75,\"caption\":\"Overboard Alghero\"},\"image\":{\"@id\":\"https:\/\/www.overboardalghero.com\/#\/schema\/logo\/image\/\"}}]}<\/script>\n<!-- \/ Yoast SEO plugin. -->","yoast_head_json":{"title":"Nuestra flota","description":"Elige tu bote inflable de alquiler preferido, con la opci\u00f3n de pilotar de forma aut\u00f3noma o con el servicio SKIPPER, y disfruta de una excursi\u00f3n inolvidable.","robots":{"index":"index","follow":"follow","max-snippet":"max-snippet:-1","max-image-preview":"max-image-preview:large","max-video-preview":"max-video-preview:-1"},"canonical":"https:\/\/www.overboardalghero.com\/la-flotta\/","og_locale":"es_ES","og_type":"article","og_title":"Nuestra flota","og_description":"Elige tu bote inflable de alquiler preferido, con la opci\u00f3n de pilotar de forma aut\u00f3noma o con el servicio SKIPPER, y disfruta de una excursi\u00f3n inolvidable.","og_url":"https:\/\/www.overboardalghero.com\/la-flotta\/","og_site_name":"Overboard Alghero","article_modified_time":"2025-04-23T09:20:57+00:00","twitter_card":"summary_large_image","twitter_misc":{"Tiempo de lectura":"3 minutos"},"schema":{"@context":"https:\/\/schema.org","@graph":[{"@type":"WebPage","@id":"https:\/\/www.overboardalghero.com\/la-flotta\/","url":"https:\/\/www.overboardalghero.com\/la-flotta\/","name":"Nuestra flota","isPartOf":{"@id":"https:\/\/www.overboardalghero.com\/#website"},"datePublished":"2023-05-30T10:09:50+00:00","dateModified":"2025-04-23T09:20:57+00:00","description":"Elige tu bote inflable de alquiler preferido, con la opci\u00f3n de pilotar de forma aut\u00f3noma o con el servicio SKIPPER, y disfruta de una excursi\u00f3n inolvidable.","breadcrumb":{"@id":"https:\/\/www.overboardalghero.com\/la-flotta\/#breadcrumb"},"inLanguage":"es","potentialAction":[{"@type":"ReadAction","target":["https:\/\/www.overboardalghero.com\/la-flotta\/"]}]},{"@type":"BreadcrumbList","@id":"https:\/\/www.overboardalghero.com\/la-flotta\/#breadcrumb","itemListElement":[{"@type":"ListItem","position":1,"name":"Home","item":"https:\/\/www.overboardalghero.com\/es\/"},{"@type":"ListItem","position":2,"name":"Nuestra flota"}]},{"@type":"WebSite","@id":"https:\/\/www.overboardalghero.com\/#website","url":"https:\/\/www.overboardalghero.com\/","name":"Overboard Alghero","description":"Noleggio imbarcazioni","publisher":{"@id":"https:\/\/www.overboardalghero.com\/#organization"},"potentialAction":[{"@type":"SearchAction","target":{"@type":"EntryPoint","urlTemplate":"https:\/\/www.overboardalghero.com\/?s={search_term_string}"},"query-input":{"@type":"PropertyValueSpecification","valueRequired":true,"valueName":"search_term_string"}}],"inLanguage":"es"},{"@type":"Organization","@id":"https:\/\/www.overboardalghero.com\/#organization","name":"Overboard Alghero","url":"https:\/\/www.overboardalghero.com\/","logo":{"@type":"ImageObject","inLanguage":"es","@id":"https:\/\/www.overboardalghero.com\/#\/schema\/logo\/image\/","url":"https:\/\/www.overboardalghero.com\/wp-content\/uploads\/2023\/04\/logo360.png","contentUrl":"https:\/\/www.overboardalghero.com\/wp-content\/uploads\/2023\/04\/logo360.png","width":360,"height":75,"caption":"Overboard Alghero"},"image":{"@id":"https:\/\/www.overboardalghero.com\/#\/schema\/logo\/image\/"}}]}},"_links":{"self":[{"href":"https:\/\/www.overboardalghero.com\/es\/wp-json\/wp\/v2\/pages\/845","targetHints":{"allow":["GET"]}}],"collection":[{"href":"https:\/\/www.overboardalghero.com\/es\/wp-json\/wp\/v2\/pages"}],"about":[{"href":"https:\/\/www.overboardalghero.com\/es\/wp-json\/wp\/v2\/types\/page"}],"author":[{"embeddable":true,"href":"https:\/\/www.overboardalghero.com\/es\/wp-json\/wp\/v2\/users\/1"}],"replies":[{"embeddable":true,"href":"https:\/\/www.overboardalghero.com\/es\/wp-json\/wp\/v2\/comments?post=845"}],"version-history":[{"count":53,"href":"https:\/\/www.overboardalghero.com\/es\/wp-json\/wp\/v2\/pages\/845\/revisions"}],"predecessor-version":[{"id":2048,"href":"https:\/\/www.overboardalghero.com\/es\/wp-json\/wp\/v2\/pages\/845\/revisions\/2048"}],"wp:attachment":[{"href":"https:\/\/www.overboardalghero.com\/es\/wp-json\/wp\/v2\/media?parent=845"}],"curies":[{"name":"wp","href":"https:\/\/api.w.org\/{rel}","templated":true}]}}