{"id":1437,"date":"2023-05-30T12:09:50","date_gmt":"2023-05-30T10:09:50","guid":{"rendered":"https:\/\/www.overboardalghero.com\/la-flotta\/"},"modified":"2025-04-23T10:42:49","modified_gmt":"2025-04-23T08:42:49","slug":"unsere-boote","status":"publish","type":"page","link":"https:\/\/www.overboardalghero.com\/de\/unsere-boote\/","title":{"rendered":"Unsere boote"},"content":{"rendered":"\t\t<div data-elementor-type=\"wp-page\" data-elementor-id=\"1437\" class=\"elementor elementor-1437 elementor-435\" data-elementor-post-type=\"page\">\n\t\t\t\t\t\t<section class=\"elementor-section elementor-top-section elementor-element elementor-element-aba6d70 elementor-section-height-min-height elementor-section-content-middle elementor-section-boxed elementor-section-height-default elementor-section-items-middle\" data-id=\"aba6d70\" data-element_type=\"section\" data-settings=\"{&quot;background_background&quot;:&quot;classic&quot;,&quot;shape_divider_bottom&quot;:&quot;waves&quot;}\">\n\t\t\t\t\t<div class=\"elementor-shape elementor-shape-bottom\" data-negative=\"false\">\n\t\t\t<svg xmlns=\"http:\/\/www.w3.org\/2000\/svg\" viewBox=\"0 0 1000 100\" preserveAspectRatio=\"none\">\n\t<path class=\"elementor-shape-fill\" d=\"M421.9,6.5c22.6-2.5,51.5,0.4,75.5,5.3c23.6,4.9,70.9,23.5,100.5,35.7c75.8,32.2,133.7,44.5,192.6,49.7\n\tc23.6,2.1,48.7,3.5,103.4-2.5c54.7-6,106.2-25.6,106.2-25.6V0H0v30.3c0,0,72,32.6,158.4,30.5c39.2-0.7,92.8-6.7,134-22.4\n\tc21.2-8.1,52.2-18.2,79.7-24.2C399.3,7.9,411.6,7.5,421.9,6.5z\"\/>\n<\/svg>\t\t<\/div>\n\t\t\t\t\t<div class=\"elementor-container elementor-column-gap-no\">\n\t\t\t\t\t<div class=\"elementor-column elementor-col-100 elementor-top-column elementor-element elementor-element-6ddcfab\" data-id=\"6ddcfab\" data-element_type=\"column\">\n\t\t\t<div class=\"elementor-widget-wrap elementor-element-populated\">\n\t\t\t\t\t\t<div class=\"elementor-element elementor-element-6cb844f elementor-widget elementor-widget-heading\" data-id=\"6cb844f\" data-element_type=\"widget\" data-widget_type=\"heading.default\">\n\t\t\t\t<div class=\"elementor-widget-container\">\n\t\t\t\t\t<h2 class=\"elementor-heading-title elementor-size-default\">Unsere Boote <\/h2>\t\t\t\t<\/div>\n\t\t\t\t<\/div>\n\t\t\t\t\t<\/div>\n\t\t<\/div>\n\t\t\t\t\t<\/div>\n\t\t<\/section>\n\t\t\t\t<section class=\"elementor-section elementor-top-section elementor-element elementor-element-11c2253 elementor-section-boxed elementor-section-height-default elementor-section-height-default\" data-id=\"11c2253\" data-element_type=\"section\" data-settings=\"{&quot;background_background&quot;:&quot;classic&quot;}\">\n\t\t\t\t\t\t<div class=\"elementor-container elementor-column-gap-default\">\n\t\t\t\t\t<div class=\"elementor-column elementor-col-100 elementor-top-column elementor-element elementor-element-8c067e2\" data-id=\"8c067e2\" data-element_type=\"column\">\n\t\t\t<div class=\"elementor-widget-wrap elementor-element-populated\">\n\t\t\t\t\t\t<section class=\"elementor-section elementor-inner-section elementor-element elementor-element-64716f2 elementor-section-full_width elementor-section-height-default elementor-section-height-default\" data-id=\"64716f2\" data-element_type=\"section\">\n\t\t\t\t\t\t<div class=\"elementor-container elementor-column-gap-default\">\n\t\t\t\t\t<div class=\"elementor-column elementor-col-50 elementor-inner-column elementor-element elementor-element-f78447d animated-fast elementor-invisible\" data-id=\"f78447d\" data-element_type=\"column\" data-settings=\"{&quot;background_background&quot;:&quot;classic&quot;,&quot;animation&quot;:&quot;fadeInLeft&quot;,&quot;animation_delay&quot;:500}\">\n\t\t\t<div class=\"elementor-widget-wrap elementor-element-populated\">\n\t\t\t\t\t\t<div class=\"elementor-element elementor-element-927e746 elementor-widget elementor-widget-text-editor\" data-id=\"927e746\" data-element_type=\"widget\" data-settings=\"{&quot;_animation&quot;:&quot;none&quot;}\" data-widget_type=\"text-editor.default\">\n\t\t\t\t<div class=\"elementor-widget-container\">\n\t\t\t\t\t\t\t\t\t<p>Unsere Boote<\/p>\t\t\t\t\t\t\t\t<\/div>\n\t\t\t\t<\/div>\n\t\t\t\t<div class=\"elementor-element elementor-element-98d878d elementor-widget elementor-widget-text-editor\" data-id=\"98d878d\" data-element_type=\"widget\" data-settings=\"{&quot;_animation&quot;:&quot;none&quot;}\" data-widget_type=\"text-editor.default\">\n\t\t\t\t<div class=\"elementor-widget-container\">\n\t\t\t\t\t\t\t\t\t<p>W\u00e4hlen Sie Ihr Lieblings-Mietboot, entscheiden Sie, ob sie selbst steuern oder unseren Premium-Service SKIPPER in Anspruch nehmen m\u00f6chten, bei dem Sie einer unserer Mitarbeiter auf eine Entdeckungsreise zu atemberaubenden Orten und zum Schnorcheln in die unglaublich sch\u00f6ne Unterwasserwelt mitnimmt, die Ihnen des Meer von Alghero bietet!<\/p>\t\t\t\t\t\t\t\t<\/div>\n\t\t\t\t<\/div>\n\t\t\t\t\t<\/div>\n\t\t<\/div>\n\t\t\t\t<div class=\"elementor-column elementor-col-50 elementor-inner-column elementor-element elementor-element-580de69 animated-fast elementor-hidden-mobile elementor-invisible\" data-id=\"580de69\" data-element_type=\"column\" data-settings=\"{&quot;background_background&quot;:&quot;classic&quot;,&quot;animation&quot;:&quot;fadeInRight&quot;,&quot;animation_delay&quot;:500}\">\n\t\t\t<div class=\"elementor-widget-wrap\">\n\t\t\t\t\t\t\t<\/div>\n\t\t<\/div>\n\t\t\t\t\t<\/div>\n\t\t<\/section>\n\t\t\t\t<div class=\"elementor-element elementor-element-d0f1096 elementor-cta--layout-image-left elementor-cta--valign-middle elementor-cta--mobile-layout-image-above blocco-itinerari elementor-cta--skin-classic elementor-animated-content elementor-bg-transform elementor-bg-transform-zoom-in elementor-widget elementor-widget-call-to-action\" data-id=\"d0f1096\" data-element_type=\"widget\" data-widget_type=\"call-to-action.default\">\n\t\t\t\t<div class=\"elementor-widget-container\">\n\t\t\t\t\t\t\t<div class=\"elementor-cta\">\n\t\t\t\t\t<div class=\"elementor-cta__bg-wrapper\">\n\t\t\t\t<div class=\"elementor-cta__bg elementor-bg\" style=\"background-image: url(https:\/\/www.overboardalghero.com\/wp-content\/uploads\/2023\/05\/gommone-zodiac.jpg);\" role=\"img\" aria-label=\"gommone-zodiac\"><\/div>\n\t\t\t\t<div class=\"elementor-cta__bg-overlay\"><\/div>\n\t\t\t<\/div>\n\t\t\t\t\t\t\t<div class=\"elementor-cta__content\">\n\t\t\t\t\n\t\t\t\t\t\t\t\t\t<h4 class=\"elementor-cta__title elementor-cta__content-item elementor-content-item\">\n\t\t\t\t\t\tSchlauchboot Zodiac \t\t\t\t\t<\/h4>\n\t\t\t\t\n\t\t\t\t\t\t\t\t\t<div class=\"elementor-cta__description elementor-cta__content-item elementor-content-item\">\n\t\t\t\t\t\t4,80 Meter, 40 PS, max. 4 Personen. \n<br><br>\nDieses Schlauchboot ist mit S\u00fc\u00dfwasserdusche, Sonnenverdeck und Polstern ausgestattet. Ebenfalls zur Ausstattung z\u00e4hlen alle vorgeschriebenen Sicherheitsausr\u00fcstungen, die Standard-Notfallausr\u00fcstung und ein metergenaues GPS-Ger\u00e4t, das unseren Mitarbeitern st\u00e4ndig die Position des Boots anzeigt. \n<br><br>\nF\u00fcr das 40-PS-Schlauchboot ist kein Bootsf\u00fchrerschein erforderlich. Es darf innerhalb einer Meile von der K\u00fcste entfernt fahren und muss zur Sicherheit der Badeg\u00e4ste mindestens 200 Meter Entfernung vom Strand einhalten. <br><br>\n\n<script src=\"https:\/\/assets.ticketinghub.com\/checkout.js\" data-widget=\"074e3f92-36f3-40d5-b077-cef321137bdf\"><\/script>\t\t\t\t\t<\/div>\n\t\t\t\t\n\t\t\t\t\t\t\t<\/div>\n\t\t\t\t\t\t<\/div>\n\t\t\t\t\t\t<\/div>\n\t\t\t\t<\/div>\n\t\t\t\t<div class=\"elementor-element elementor-element-71bf064 elementor-cta--layout-image-right elementor-cta--valign-middle elementor-cta--mobile-layout-image-above blocco-itinerari elementor-cta--skin-classic elementor-animated-content elementor-bg-transform elementor-bg-transform-zoom-in elementor-widget elementor-widget-call-to-action\" data-id=\"71bf064\" data-element_type=\"widget\" data-widget_type=\"call-to-action.default\">\n\t\t\t\t<div class=\"elementor-widget-container\">\n\t\t\t\t\t\t\t<div class=\"elementor-cta\">\n\t\t\t\t\t<div class=\"elementor-cta__bg-wrapper\">\n\t\t\t\t<div class=\"elementor-cta__bg elementor-bg\" style=\"background-image: url(https:\/\/www.overboardalghero.com\/wp-content\/uploads\/2023\/04\/flotta1.jpg);\" role=\"img\" aria-label=\"flotta1\"><\/div>\n\t\t\t\t<div class=\"elementor-cta__bg-overlay\"><\/div>\n\t\t\t<\/div>\n\t\t\t\t\t\t\t<div class=\"elementor-cta__content\">\n\t\t\t\t\n\t\t\t\t\t\t\t\t\t<h4 class=\"elementor-cta__title elementor-cta__content-item elementor-content-item\">\n\t\t\t\t\t\tSchlauchboot Saver mg (Wei\u00df)\t\t\t\t\t<\/h4>\n\t\t\t\t\n\t\t\t\t\t\t\t\t\t<div class=\"elementor-cta__description elementor-cta__content-item elementor-content-item\">\n\t\t\t\t\t\t5,80 Meter, 40 PS, max. 6 Personen.\n<br><br>\nDieses Premium-Schlauchboot ist mit S\u00fc\u00dfwasserdusche, Sonnenverdeck und f\u00fcr einen optimalen Komfort sowohl heckseitig als auch bugseitig mit Polstern ausgestattet. Ebenfalls zur Ausstattung z\u00e4hlen alle vorgeschriebenen Sicherheitsausr\u00fcstungen, die Experten-Notfallausr\u00fcstung und ein metergenaues GPS-Ger\u00e4t, das unseren Mitarbeitern st\u00e4ndig die Position des Boots anzeigt. \n<br><br>\nF\u00fcr das 40-PS-Schlauchboot ist kein Bootsf\u00fchrerschein erforderlich. Es darf innerhalb einer Meile von der K\u00fcste entfernt fahren und muss zur Sicherheit der Badeg\u00e4ste mindestens 200 Meter Entfernung vom Strand einhalten.\n<br><br>\n\n<script src=\"https:\/\/assets.ticketinghub.com\/checkout.js\" data-widget=\"0c04934d-6b05-4a2d-be22-8433e11fd1f4\"><\/script>\t\t\t\t\t<\/div>\n\t\t\t\t\n\t\t\t\t\t\t\t<\/div>\n\t\t\t\t\t\t<\/div>\n\t\t\t\t\t\t<\/div>\n\t\t\t\t<\/div>\n\t\t\t\t<div class=\"elementor-element elementor-element-e7410b3 elementor-cta--layout-image-left elementor-cta--valign-middle elementor-cta--mobile-layout-image-above blocco-itinerari elementor-cta--skin-classic elementor-animated-content elementor-bg-transform elementor-bg-transform-zoom-in elementor-widget elementor-widget-call-to-action\" data-id=\"e7410b3\" data-element_type=\"widget\" data-widget_type=\"call-to-action.default\">\n\t\t\t\t<div class=\"elementor-widget-container\">\n\t\t\t\t\t\t\t<div class=\"elementor-cta\">\n\t\t\t\t\t<div class=\"elementor-cta__bg-wrapper\">\n\t\t\t\t<div class=\"elementor-cta__bg elementor-bg\" style=\"background-image: url(https:\/\/www.overboardalghero.com\/wp-content\/uploads\/2024\/07\/saver-grigio2.jpg);\" role=\"img\" aria-label=\"saver-grigio2\"><\/div>\n\t\t\t\t<div class=\"elementor-cta__bg-overlay\"><\/div>\n\t\t\t<\/div>\n\t\t\t\t\t\t\t<div class=\"elementor-cta__content\">\n\t\t\t\t\n\t\t\t\t\t\t\t\t\t<h4 class=\"elementor-cta__title elementor-cta__content-item elementor-content-item\">\n\t\t\t\t\t\tSchlauchboot Saver mg (Grau)\t\t\t\t\t<\/h4>\n\t\t\t\t\n\t\t\t\t\t\t\t\t\t<div class=\"elementor-cta__description elementor-cta__content-item elementor-content-item\">\n\t\t\t\t\t\t5,80 Meter, 40 PS, max. 6 Personen.\n<br><br>\nDieses Premium-Schlauchboot ist mit S\u00fc\u00dfwasserdusche, Sonnenverdeck und f\u00fcr einen optimalen Komfort sowohl heckseitig als auch bugseitig mit Polstern ausgestattet. Ebenfalls zur Ausstattung z\u00e4hlen alle vorgeschriebenen Sicherheitsausr\u00fcstungen, die Experten-Notfallausr\u00fcstung und ein metergenaues GPS-Ger\u00e4t, das unseren Mitarbeitern st\u00e4ndig die Position des Boots anzeigt. \n<br><br>\nF\u00fcr das 40-PS-Schlauchboot ist kein Bootsf\u00fchrerschein erforderlich. Es darf innerhalb einer Meile von der K\u00fcste entfernt fahren und muss zur Sicherheit der Badeg\u00e4ste mindestens 200 Meter Entfernung vom Strand einhalten.\n\n<br><br>\n<script src=\"https:\/\/assets.ticketinghub.com\/checkout.js\" data-widget=\"9a9f55c3-5bd5-4adb-90f2-67620b823d3f\"><\/script>\t\t\t\t\t<\/div>\n\t\t\t\t\n\t\t\t\t\t\t\t<\/div>\n\t\t\t\t\t\t<\/div>\n\t\t\t\t\t\t<\/div>\n\t\t\t\t<\/div>\n\t\t\t\t<div class=\"elementor-element elementor-element-e434cfc elementor-cta--layout-image-right elementor-cta--valign-middle elementor-cta--mobile-layout-image-above blocco-itinerari elementor-cta--skin-classic elementor-animated-content elementor-bg-transform elementor-bg-transform-zoom-in elementor-widget elementor-widget-call-to-action\" data-id=\"e434cfc\" data-element_type=\"widget\" data-widget_type=\"call-to-action.default\">\n\t\t\t\t<div class=\"elementor-widget-container\">\n\t\t\t\t\t\t\t<div class=\"elementor-cta\">\n\t\t\t\t\t<div class=\"elementor-cta__bg-wrapper\">\n\t\t\t\t<div class=\"elementor-cta__bg elementor-bg\" style=\"background-image: url(https:\/\/www.overboardalghero.com\/wp-content\/uploads\/2023\/05\/gommone-bsc.jpg);\" role=\"img\" aria-label=\"gommone-bsc\"><\/div>\n\t\t\t\t<div class=\"elementor-cta__bg-overlay\"><\/div>\n\t\t\t<\/div>\n\t\t\t\t\t\t\t<div class=\"elementor-cta__content\">\n\t\t\t\t\n\t\t\t\t\t\t\t\t\t<h4 class=\"elementor-cta__title elementor-cta__content-item elementor-content-item\">\n\t\t\t\t\t\tSchlauchboot BSC \t\t\t\t\t<\/h4>\n\t\t\t\t\n\t\t\t\t\t\t\t\t\t<div class=\"elementor-cta__description elementor-cta__content-item elementor-content-item\">\n\t\t\t\t\t\t7 Meter, 130 PS, max. 8 Personen.\n<br><br>\nDieses extra Premium-Schlauchboot ist mit S\u00fc\u00dfwasserdusche, Sonnenverdeck und f\u00fcr einen optimalen Komfort sowohl heckseitig als auch bugseitig mit Polstern ausgestattet. Ebenfalls zur Ausstattung z\u00e4hlen alle vorgeschriebenen Sicherheitsausr\u00fcstungen, die Experten-Notfallausr\u00fcstung und ein metergenaues GPS-Ger\u00e4t, das unseren Mitarbeitern st\u00e4ndig die Position des Boots anzeigt. \n<br><br>\nF\u00fcr das 130-PS-Schlauchboot ist ein Bootsf\u00fchrerschein erforderlich. Es darf innerhalb von drei Meilen von der K\u00fcste entfernt fahren und muss zur Sicherheit der Badeg\u00e4ste mindestens 200 Meter Entfernung vom Strand einhalten.\t\t\t\t\t<\/div>\n\t\t\t\t\n\t\t\t\t\t\t\t<\/div>\n\t\t\t\t\t\t<\/div>\n\t\t\t\t\t\t<\/div>\n\t\t\t\t<\/div>\n\t\t\t\t\t<\/div>\n\t\t<\/div>\n\t\t\t\t\t<\/div>\n\t\t<\/section>\n\t\t\t\t<\/div>\n\t\t","protected":false},"excerpt":{"rendered":"<p>Unsere Boote Unsere Boote W\u00e4hlen Sie Ihr Lieblings-Mietboot, entscheiden Sie, ob sie selbst steuern oder unseren Premium-Service SKIPPER in Anspruch nehmen m\u00f6chten, bei dem Sie einer unserer Mitarbeiter auf eine Entdeckungsreise zu atemberaubenden Orten und zum Schnorcheln in die unglaublich sch\u00f6ne Unterwasserwelt mitnimmt, die Ihnen des Meer von Alghero bietet! Schlauchboot Zodiac 4,80 Meter, 40&hellip; <a class=\"more-link\" href=\"https:\/\/www.overboardalghero.com\/de\/unsere-boote\/\"><span class=\"screen-reader-text\">Unsere boote<\/span> weiterlesen<\/a><\/p>\n","protected":false},"author":1,"featured_media":0,"parent":0,"menu_order":0,"comment_status":"closed","ping_status":"closed","template":"elementor_header_footer","meta":{"footnotes":""},"class_list":["post-1437","page","type-page","status-publish","hentry","entry"],"yoast_head":"<!-- This site is optimized with the Yoast SEO plugin v24.9 - https:\/\/yoast.com\/wordpress\/plugins\/seo\/ -->\n<title>Unsere Boote<\/title>\n<meta name=\"description\" content=\"W\u00e4hlen Sie Ihr Schlauchboot, entscheiden Sie, ob Sie selbst fahren oder den SKIPPER-Service in Anspruch nehmen und genie\u00dfen Sie einen unvergesslichen Ausflug!\" \/>\n<meta name=\"robots\" content=\"index, follow, max-snippet:-1, max-image-preview:large, max-video-preview:-1\" \/>\n<link rel=\"canonical\" href=\"https:\/\/www.overboardalghero.com\/la-flotta\/\" \/>\n<meta property=\"og:locale\" content=\"de_DE\" \/>\n<meta property=\"og:type\" content=\"article\" \/>\n<meta property=\"og:title\" content=\"Unsere Boote\" \/>\n<meta property=\"og:description\" content=\"W\u00e4hlen Sie Ihr Schlauchboot, entscheiden Sie, ob Sie selbst fahren oder den SKIPPER-Service in Anspruch nehmen und genie\u00dfen Sie einen unvergesslichen Ausflug!\" \/>\n<meta property=\"og:url\" content=\"https:\/\/www.overboardalghero.com\/la-flotta\/\" \/>\n<meta property=\"og:site_name\" content=\"Overboard Alghero\" \/>\n<meta property=\"article:modified_time\" content=\"2025-04-23T08:42:49+00:00\" \/>\n<meta name=\"twitter:card\" content=\"summary_large_image\" \/>\n<meta name=\"twitter:label1\" content=\"Gesch\u00e4tzte Lesezeit\" \/>\n\t<meta name=\"twitter:data1\" content=\"3\u00a0Minuten\" \/>\n<script type=\"application\/ld+json\" class=\"yoast-schema-graph\">{\"@context\":\"https:\/\/schema.org\",\"@graph\":[{\"@type\":\"WebPage\",\"@id\":\"https:\/\/www.overboardalghero.com\/la-flotta\/\",\"url\":\"https:\/\/www.overboardalghero.com\/la-flotta\/\",\"name\":\"Unsere Boote\",\"isPartOf\":{\"@id\":\"https:\/\/www.overboardalghero.com\/#website\"},\"datePublished\":\"2023-05-30T10:09:50+00:00\",\"dateModified\":\"2025-04-23T08:42:49+00:00\",\"description\":\"W\u00e4hlen Sie Ihr Schlauchboot, entscheiden Sie, ob Sie selbst fahren oder den SKIPPER-Service in Anspruch nehmen und genie\u00dfen Sie einen unvergesslichen Ausflug!\",\"breadcrumb\":{\"@id\":\"https:\/\/www.overboardalghero.com\/la-flotta\/#breadcrumb\"},\"inLanguage\":\"de\",\"potentialAction\":[{\"@type\":\"ReadAction\",\"target\":[\"https:\/\/www.overboardalghero.com\/la-flotta\/\"]}]},{\"@type\":\"BreadcrumbList\",\"@id\":\"https:\/\/www.overboardalghero.com\/la-flotta\/#breadcrumb\",\"itemListElement\":[{\"@type\":\"ListItem\",\"position\":1,\"name\":\"Home\",\"item\":\"https:\/\/www.overboardalghero.com\/de\/\"},{\"@type\":\"ListItem\",\"position\":2,\"name\":\"Unsere boote\"}]},{\"@type\":\"WebSite\",\"@id\":\"https:\/\/www.overboardalghero.com\/#website\",\"url\":\"https:\/\/www.overboardalghero.com\/\",\"name\":\"Overboard Alghero\",\"description\":\"Noleggio imbarcazioni\",\"publisher\":{\"@id\":\"https:\/\/www.overboardalghero.com\/#organization\"},\"potentialAction\":[{\"@type\":\"SearchAction\",\"target\":{\"@type\":\"EntryPoint\",\"urlTemplate\":\"https:\/\/www.overboardalghero.com\/?s={search_term_string}\"},\"query-input\":{\"@type\":\"PropertyValueSpecification\",\"valueRequired\":true,\"valueName\":\"search_term_string\"}}],\"inLanguage\":\"de\"},{\"@type\":\"Organization\",\"@id\":\"https:\/\/www.overboardalghero.com\/#organization\",\"name\":\"Overboard Alghero\",\"url\":\"https:\/\/www.overboardalghero.com\/\",\"logo\":{\"@type\":\"ImageObject\",\"inLanguage\":\"de\",\"@id\":\"https:\/\/www.overboardalghero.com\/#\/schema\/logo\/image\/\",\"url\":\"https:\/\/www.overboardalghero.com\/wp-content\/uploads\/2023\/04\/logo360.png\",\"contentUrl\":\"https:\/\/www.overboardalghero.com\/wp-content\/uploads\/2023\/04\/logo360.png\",\"width\":360,\"height\":75,\"caption\":\"Overboard Alghero\"},\"image\":{\"@id\":\"https:\/\/www.overboardalghero.com\/#\/schema\/logo\/image\/\"}}]}<\/script>\n<!-- \/ Yoast SEO plugin. -->","yoast_head_json":{"title":"Unsere Boote","description":"W\u00e4hlen Sie Ihr Schlauchboot, entscheiden Sie, ob Sie selbst fahren oder den SKIPPER-Service in Anspruch nehmen und genie\u00dfen Sie einen unvergesslichen Ausflug!","robots":{"index":"index","follow":"follow","max-snippet":"max-snippet:-1","max-image-preview":"max-image-preview:large","max-video-preview":"max-video-preview:-1"},"canonical":"https:\/\/www.overboardalghero.com\/la-flotta\/","og_locale":"de_DE","og_type":"article","og_title":"Unsere Boote","og_description":"W\u00e4hlen Sie Ihr Schlauchboot, entscheiden Sie, ob Sie selbst fahren oder den SKIPPER-Service in Anspruch nehmen und genie\u00dfen Sie einen unvergesslichen Ausflug!","og_url":"https:\/\/www.overboardalghero.com\/la-flotta\/","og_site_name":"Overboard Alghero","article_modified_time":"2025-04-23T08:42:49+00:00","twitter_card":"summary_large_image","twitter_misc":{"Gesch\u00e4tzte Lesezeit":"3\u00a0Minuten"},"schema":{"@context":"https:\/\/schema.org","@graph":[{"@type":"WebPage","@id":"https:\/\/www.overboardalghero.com\/la-flotta\/","url":"https:\/\/www.overboardalghero.com\/la-flotta\/","name":"Unsere Boote","isPartOf":{"@id":"https:\/\/www.overboardalghero.com\/#website"},"datePublished":"2023-05-30T10:09:50+00:00","dateModified":"2025-04-23T08:42:49+00:00","description":"W\u00e4hlen Sie Ihr Schlauchboot, entscheiden Sie, ob Sie selbst fahren oder den SKIPPER-Service in Anspruch nehmen und genie\u00dfen Sie einen unvergesslichen Ausflug!","breadcrumb":{"@id":"https:\/\/www.overboardalghero.com\/la-flotta\/#breadcrumb"},"inLanguage":"de","potentialAction":[{"@type":"ReadAction","target":["https:\/\/www.overboardalghero.com\/la-flotta\/"]}]},{"@type":"BreadcrumbList","@id":"https:\/\/www.overboardalghero.com\/la-flotta\/#breadcrumb","itemListElement":[{"@type":"ListItem","position":1,"name":"Home","item":"https:\/\/www.overboardalghero.com\/de\/"},{"@type":"ListItem","position":2,"name":"Unsere boote"}]},{"@type":"WebSite","@id":"https:\/\/www.overboardalghero.com\/#website","url":"https:\/\/www.overboardalghero.com\/","name":"Overboard Alghero","description":"Noleggio imbarcazioni","publisher":{"@id":"https:\/\/www.overboardalghero.com\/#organization"},"potentialAction":[{"@type":"SearchAction","target":{"@type":"EntryPoint","urlTemplate":"https:\/\/www.overboardalghero.com\/?s={search_term_string}"},"query-input":{"@type":"PropertyValueSpecification","valueRequired":true,"valueName":"search_term_string"}}],"inLanguage":"de"},{"@type":"Organization","@id":"https:\/\/www.overboardalghero.com\/#organization","name":"Overboard Alghero","url":"https:\/\/www.overboardalghero.com\/","logo":{"@type":"ImageObject","inLanguage":"de","@id":"https:\/\/www.overboardalghero.com\/#\/schema\/logo\/image\/","url":"https:\/\/www.overboardalghero.com\/wp-content\/uploads\/2023\/04\/logo360.png","contentUrl":"https:\/\/www.overboardalghero.com\/wp-content\/uploads\/2023\/04\/logo360.png","width":360,"height":75,"caption":"Overboard Alghero"},"image":{"@id":"https:\/\/www.overboardalghero.com\/#\/schema\/logo\/image\/"}}]}},"_links":{"self":[{"href":"https:\/\/www.overboardalghero.com\/de\/wp-json\/wp\/v2\/pages\/1437","targetHints":{"allow":["GET"]}}],"collection":[{"href":"https:\/\/www.overboardalghero.com\/de\/wp-json\/wp\/v2\/pages"}],"about":[{"href":"https:\/\/www.overboardalghero.com\/de\/wp-json\/wp\/v2\/types\/page"}],"author":[{"embeddable":true,"href":"https:\/\/www.overboardalghero.com\/de\/wp-json\/wp\/v2\/users\/1"}],"replies":[{"embeddable":true,"href":"https:\/\/www.overboardalghero.com\/de\/wp-json\/wp\/v2\/comments?post=1437"}],"version-history":[{"count":56,"href":"https:\/\/www.overboardalghero.com\/de\/wp-json\/wp\/v2\/pages\/1437\/revisions"}],"predecessor-version":[{"id":2041,"href":"https:\/\/www.overboardalghero.com\/de\/wp-json\/wp\/v2\/pages\/1437\/revisions\/2041"}],"wp:attachment":[{"href":"https:\/\/www.overboardalghero.com\/de\/wp-json\/wp\/v2\/media?parent=1437"}],"curies":[{"name":"wp","href":"https:\/\/api.w.org\/{rel}","templated":true}]}}