{"id":1432,"date":"2023-04-21T18:19:51","date_gmt":"2023-04-21T16:19:51","guid":{"rendered":"https:\/\/www.overboardalghero.com\/escursioni\/"},"modified":"2023-06-14T12:15:59","modified_gmt":"2023-06-14T10:15:59","slug":"ausfahrten","status":"publish","type":"page","link":"https:\/\/www.overboardalghero.com\/de\/ausfahrten\/","title":{"rendered":"Ausfahrten"},"content":{"rendered":"\t\t<div data-elementor-type=\"wp-page\" data-elementor-id=\"1432\" class=\"elementor elementor-1432 elementor-321\" data-elementor-post-type=\"page\">\n\t\t\t\t\t\t<section class=\"elementor-section elementor-top-section elementor-element elementor-element-1861110 elementor-section-height-min-height elementor-section-content-middle elementor-section-boxed elementor-section-height-default elementor-section-items-middle\" data-id=\"1861110\" data-element_type=\"section\" data-settings=\"{&quot;background_background&quot;:&quot;classic&quot;,&quot;shape_divider_bottom&quot;:&quot;waves&quot;}\">\n\t\t\t\t\t<div class=\"elementor-shape elementor-shape-bottom\" data-negative=\"false\">\n\t\t\t<svg xmlns=\"http:\/\/www.w3.org\/2000\/svg\" viewBox=\"0 0 1000 100\" preserveAspectRatio=\"none\">\n\t<path class=\"elementor-shape-fill\" d=\"M421.9,6.5c22.6-2.5,51.5,0.4,75.5,5.3c23.6,4.9,70.9,23.5,100.5,35.7c75.8,32.2,133.7,44.5,192.6,49.7\n\tc23.6,2.1,48.7,3.5,103.4-2.5c54.7-6,106.2-25.6,106.2-25.6V0H0v30.3c0,0,72,32.6,158.4,30.5c39.2-0.7,92.8-6.7,134-22.4\n\tc21.2-8.1,52.2-18.2,79.7-24.2C399.3,7.9,411.6,7.5,421.9,6.5z\"\/>\n<\/svg>\t\t<\/div>\n\t\t\t\t\t<div class=\"elementor-container elementor-column-gap-no\">\n\t\t\t\t\t<div class=\"elementor-column elementor-col-100 elementor-top-column elementor-element elementor-element-8970b3f\" data-id=\"8970b3f\" data-element_type=\"column\">\n\t\t\t<div class=\"elementor-widget-wrap elementor-element-populated\">\n\t\t\t\t\t\t<div class=\"elementor-element elementor-element-4e731bb elementor-widget elementor-widget-heading\" data-id=\"4e731bb\" data-element_type=\"widget\" data-widget_type=\"heading.default\">\n\t\t\t\t<div class=\"elementor-widget-container\">\n\t\t\t\t\t<h2 class=\"elementor-heading-title elementor-size-default\">Ausfahrten<\/h2>\t\t\t\t<\/div>\n\t\t\t\t<\/div>\n\t\t\t\t\t<\/div>\n\t\t<\/div>\n\t\t\t\t\t<\/div>\n\t\t<\/section>\n\t\t\t\t<section class=\"elementor-section elementor-top-section elementor-element elementor-element-b4725e3 elementor-section-boxed elementor-section-height-default elementor-section-height-default\" data-id=\"b4725e3\" data-element_type=\"section\" data-settings=\"{&quot;background_background&quot;:&quot;classic&quot;}\">\n\t\t\t\t\t\t<div class=\"elementor-container elementor-column-gap-default\">\n\t\t\t\t\t<div class=\"elementor-column elementor-col-100 elementor-top-column elementor-element elementor-element-14f7d8f\" data-id=\"14f7d8f\" data-element_type=\"column\">\n\t\t\t<div class=\"elementor-widget-wrap elementor-element-populated\">\n\t\t\t\t\t\t<section class=\"elementor-section elementor-inner-section elementor-element elementor-element-441351c elementor-section-full_width elementor-section-height-default elementor-section-height-default\" data-id=\"441351c\" data-element_type=\"section\">\n\t\t\t\t\t\t<div class=\"elementor-container elementor-column-gap-default\">\n\t\t\t\t\t<div class=\"elementor-column elementor-col-50 elementor-inner-column elementor-element elementor-element-95fb918 animated-fast elementor-invisible\" data-id=\"95fb918\" data-element_type=\"column\" data-settings=\"{&quot;background_background&quot;:&quot;classic&quot;,&quot;animation&quot;:&quot;fadeInLeft&quot;,&quot;animation_delay&quot;:500}\">\n\t\t\t<div class=\"elementor-widget-wrap elementor-element-populated\">\n\t\t\t\t\t\t<div class=\"elementor-element elementor-element-0fdc89b elementor-widget elementor-widget-text-editor\" data-id=\"0fdc89b\" data-element_type=\"widget\" data-settings=\"{&quot;_animation&quot;:&quot;none&quot;}\" data-widget_type=\"text-editor.default\">\n\t\t\t\t<div class=\"elementor-widget-container\">\n\t\t\t\t\t\t\t\t\t<p>W\u00e4hlen Sie unter mehr als 30 wunderbaren Etappen<\/p>\t\t\t\t\t\t\t\t<\/div>\n\t\t\t\t<\/div>\n\t\t\t\t<div class=\"elementor-element elementor-element-a94a1c6 elementor-widget elementor-widget-text-editor\" data-id=\"a94a1c6\" data-element_type=\"widget\" data-settings=\"{&quot;_animation&quot;:&quot;none&quot;}\" data-widget_type=\"text-editor.default\">\n\t\t\t\t<div class=\"elementor-widget-container\">\n\t\t\t\t\t\t\t\t\t<p><strong>OverBoard<\/strong> bedeutet nicht nur Bootsverleih, sondern auch 10 Jahre Erfahrung in diesem Sektor, Sicherheit, H\u00f6flichkeit und freundliches Entgegenkommen. Aber auch die Gewissheit, einen unvergesslichen Tag am Meer von Alghero zu erleben.<\/p><p>\u00a0<\/p><p>W\u00e4hlen Sie aus den mehr als <strong>30 Etappen<\/strong> entlang der K\u00fcste von Alghero! Lassen Sie sich von der atemberaubenden Aussicht, dem kristallklaren Wasser und dem pulsierenden Unterwasserleben der <strong>Korallenk\u00fcste verzaubern<\/strong>!<\/p>\t\t\t\t\t\t\t\t<\/div>\n\t\t\t\t<\/div>\n\t\t\t\t\t<\/div>\n\t\t<\/div>\n\t\t\t\t<div class=\"elementor-column elementor-col-50 elementor-inner-column elementor-element elementor-element-7a1bc3b animated-fast elementor-hidden-mobile elementor-invisible\" data-id=\"7a1bc3b\" data-element_type=\"column\" data-settings=\"{&quot;background_background&quot;:&quot;classic&quot;,&quot;animation&quot;:&quot;fadeInRight&quot;,&quot;animation_delay&quot;:500}\">\n\t\t\t<div class=\"elementor-widget-wrap\">\n\t\t\t\t\t\t\t<\/div>\n\t\t<\/div>\n\t\t\t\t\t<\/div>\n\t\t<\/section>\n\t\t\t\t<div class=\"elementor-element elementor-element-ce81183 elementor-cta--layout-image-left elementor-cta--valign-middle elementor-cta--mobile-layout-image-above blocco-itinerari elementor-cta--skin-classic elementor-animated-content elementor-bg-transform elementor-bg-transform-zoom-in elementor-widget elementor-widget-call-to-action\" data-id=\"ce81183\" data-element_type=\"widget\" data-widget_type=\"call-to-action.default\">\n\t\t\t\t<div class=\"elementor-widget-container\">\n\t\t\t\t\t\t\t<div class=\"elementor-cta\">\n\t\t\t\t\t<div class=\"elementor-cta__bg-wrapper\">\n\t\t\t\t<div class=\"elementor-cta__bg elementor-bg\" style=\"background-image: url(https:\/\/www.overboardalghero.com\/wp-content\/uploads\/2023\/04\/foradada.jpg);\" role=\"img\" aria-label=\"foradada\"><\/div>\n\t\t\t\t<div class=\"elementor-cta__bg-overlay\"><\/div>\n\t\t\t<\/div>\n\t\t\t\t\t\t\t<div class=\"elementor-cta__content\">\n\t\t\t\t\n\t\t\t\t\t\t\t\t\t<h4 class=\"elementor-cta__title elementor-cta__content-item elementor-content-item\">\n\t\t\t\t\t\tINSEL FORADADA\t\t\t\t\t<\/h4>\n\t\t\t\t\n\t\t\t\t\t\t\t\t\t<div class=\"elementor-cta__description elementor-cta__content-item elementor-content-item\">\n\t\t\t\t\t\tDie Insel Foradada ist eine der wichtigsten Etappen entlang unserer Route! Der imposante wei\u00dfe Kalksteinfelsen liegt direkt vor dem K\u00fcstenvorsprung \u201eCapo Caccia\u201c in der N\u00e4he von Alghero. Ihren Namen verdankt die Insel der H\u00f6hle, die das Meer nach und nach durch die Insel gebohrt hat und die teilweise unter Wasser liegt. \t\t\t\t\t<\/div>\n\t\t\t\t\n\t\t\t\t\t\t\t<\/div>\n\t\t\t\t\t\t<\/div>\n\t\t\t\t\t\t<\/div>\n\t\t\t\t<\/div>\n\t\t\t\t<div class=\"elementor-element elementor-element-ea2236b elementor-cta--layout-image-right elementor-cta--valign-middle elementor-cta--mobile-layout-image-above blocco-itinerari elementor-cta--skin-classic elementor-animated-content elementor-bg-transform elementor-bg-transform-zoom-in elementor-widget elementor-widget-call-to-action\" data-id=\"ea2236b\" data-element_type=\"widget\" data-widget_type=\"call-to-action.default\">\n\t\t\t\t<div class=\"elementor-widget-container\">\n\t\t\t\t\t\t\t<div class=\"elementor-cta\">\n\t\t\t\t\t<div class=\"elementor-cta__bg-wrapper\">\n\t\t\t\t<div class=\"elementor-cta__bg elementor-bg\" style=\"background-image: url(https:\/\/www.overboardalghero.com\/wp-content\/uploads\/2023\/05\/escursione-portoconte-1.jpg);\" role=\"img\" aria-label=\"escursione-portoconte\"><\/div>\n\t\t\t\t<div class=\"elementor-cta__bg-overlay\"><\/div>\n\t\t\t<\/div>\n\t\t\t\t\t\t\t<div class=\"elementor-cta__content\">\n\t\t\t\t\n\t\t\t\t\t\t\t\t\t<h4 class=\"elementor-cta__title elementor-cta__content-item elementor-content-item\">\n\t\t\t\t\t\tBUCHT VON PORTO CONTE\t\t\t\t\t<\/h4>\n\t\t\t\t\n\t\t\t\t\t\t\t\t\t<div class=\"elementor-cta__description elementor-cta__content-item elementor-content-item\">\n\t\t\t\t\t\tDie Bucht von Porto Conte (Portu Conte auf Sardisch, Port del Comte auf Katalanisch) ist eine nat\u00fcrliche Bucht an der Riviera del Corallo, der wundersch\u00f6nen Nordwestk\u00fcste Sardiniens. Sie liegt zwischen den karstigen Landzungen von Capo Caccia und Punta Giglio. Die Sch\u00f6nheit der Bucht und das kristallklare Wasser rauben einem wirklich den Atem. \t\t\t\t\t<\/div>\n\t\t\t\t\n\t\t\t\t\t\t\t<\/div>\n\t\t\t\t\t\t<\/div>\n\t\t\t\t\t\t<\/div>\n\t\t\t\t<\/div>\n\t\t\t\t<div class=\"elementor-element elementor-element-08c5185 elementor-cta--layout-image-left elementor-cta--valign-middle elementor-cta--mobile-layout-image-above blocco-itinerari elementor-cta--skin-classic elementor-animated-content elementor-bg-transform elementor-bg-transform-zoom-in elementor-widget elementor-widget-call-to-action\" data-id=\"08c5185\" data-element_type=\"widget\" data-widget_type=\"call-to-action.default\">\n\t\t\t\t<div class=\"elementor-widget-container\">\n\t\t\t\t\t\t\t<div class=\"elementor-cta\">\n\t\t\t\t\t<div class=\"elementor-cta__bg-wrapper\">\n\t\t\t\t<div class=\"elementor-cta__bg elementor-bg\" style=\"background-image: url(https:\/\/www.overboardalghero.com\/wp-content\/uploads\/2023\/05\/escursione-tramariglio.jpg);\" role=\"img\" aria-label=\"escursione-tramariglio\"><\/div>\n\t\t\t\t<div class=\"elementor-cta__bg-overlay\"><\/div>\n\t\t\t<\/div>\n\t\t\t\t\t\t\t<div class=\"elementor-cta__content\">\n\t\t\t\t\n\t\t\t\t\t\t\t\t\t<h4 class=\"elementor-cta__title elementor-cta__content-item elementor-content-item\">\n\t\t\t\t\t\tTRAMARIGLIO\t\t\t\t\t<\/h4>\n\t\t\t\t\n\t\t\t\t\t\t\t\t\t<div class=\"elementor-cta__description elementor-cta__content-item elementor-content-item\">\n\t\t\t\t\t\tDer Strand Tramariglio befindet sich in der Bucht von Porto Conte. Der Sandstrand zeichnet sich durch vereinzelte, geschliffene Kieselsteine aus, die wunderbar mit dem kristallklaren, tiefblau schimmernden Wasser harmonieren. Er ist von dichter mediterraner Macchia umgeben und wird vom s\u00fcdlichen Vorgebirge durch den antiken und faszinierenden Turm von Tramariglio bewacht.\t\t\t\t\t<\/div>\n\t\t\t\t\n\t\t\t\t\t\t\t<\/div>\n\t\t\t\t\t\t<\/div>\n\t\t\t\t\t\t<\/div>\n\t\t\t\t<\/div>\n\t\t\t\t\t<\/div>\n\t\t<\/div>\n\t\t\t\t\t<\/div>\n\t\t<\/section>\n\t\t\t\t<\/div>\n\t\t","protected":false},"excerpt":{"rendered":"<p>Ausfahrten W\u00e4hlen Sie unter mehr als 30 wunderbaren Etappen OverBoard bedeutet nicht nur Bootsverleih, sondern auch 10 Jahre Erfahrung in diesem Sektor, Sicherheit, H\u00f6flichkeit und freundliches Entgegenkommen. Aber auch die Gewissheit, einen unvergesslichen Tag am Meer von Alghero zu erleben. \u00a0 W\u00e4hlen Sie aus den mehr als 30 Etappen entlang der K\u00fcste von Alghero! Lassen&hellip; <a class=\"more-link\" href=\"https:\/\/www.overboardalghero.com\/de\/ausfahrten\/\"><span class=\"screen-reader-text\">Ausfahrten<\/span> weiterlesen<\/a><\/p>\n","protected":false},"author":1,"featured_media":0,"parent":0,"menu_order":0,"comment_status":"closed","ping_status":"closed","template":"elementor_header_footer","meta":{"footnotes":""},"class_list":["post-1432","page","type-page","status-publish","hentry","entry"],"yoast_head":"<!-- This site is optimized with the Yoast SEO plugin v24.9 - https:\/\/yoast.com\/wordpress\/plugins\/seo\/ -->\n<title>Unsere Route<\/title>\n<meta name=\"description\" content=\"W\u00e4hlen Sie aus mehr als 30 Etappen! Erleben Sie einen aufregenden Ausflug mit atemberaubender Aussicht und dem kristallklaren Wasser der Korallenk\u00fcste!\" \/>\n<meta name=\"robots\" content=\"index, follow, max-snippet:-1, max-image-preview:large, max-video-preview:-1\" \/>\n<link rel=\"canonical\" href=\"https:\/\/www.overboardalghero.com\/de\/ausfahrten\/\" \/>\n<meta property=\"og:locale\" content=\"de_DE\" \/>\n<meta property=\"og:type\" content=\"article\" \/>\n<meta property=\"og:title\" content=\"Unsere Route\" \/>\n<meta property=\"og:description\" content=\"W\u00e4hlen Sie aus mehr als 30 Etappen! Erleben Sie einen aufregenden Ausflug mit atemberaubender Aussicht und dem kristallklaren Wasser der Korallenk\u00fcste!\" \/>\n<meta property=\"og:url\" content=\"https:\/\/www.overboardalghero.com\/de\/ausfahrten\/\" \/>\n<meta property=\"og:site_name\" content=\"Overboard Alghero\" \/>\n<meta property=\"article:modified_time\" content=\"2023-06-14T10:15:59+00:00\" \/>\n<meta name=\"twitter:card\" content=\"summary_large_image\" \/>\n<meta name=\"twitter:label1\" content=\"Gesch\u00e4tzte Lesezeit\" \/>\n\t<meta name=\"twitter:data1\" content=\"2\u00a0Minuten\" \/>\n<script type=\"application\/ld+json\" class=\"yoast-schema-graph\">{\"@context\":\"https:\/\/schema.org\",\"@graph\":[{\"@type\":\"WebPage\",\"@id\":\"https:\/\/www.overboardalghero.com\/de\/ausfahrten\/\",\"url\":\"https:\/\/www.overboardalghero.com\/de\/ausfahrten\/\",\"name\":\"Unsere Route\",\"isPartOf\":{\"@id\":\"https:\/\/www.overboardalghero.com\/#website\"},\"datePublished\":\"2023-04-21T16:19:51+00:00\",\"dateModified\":\"2023-06-14T10:15:59+00:00\",\"description\":\"W\u00e4hlen Sie aus mehr als 30 Etappen! Erleben Sie einen aufregenden Ausflug mit atemberaubender Aussicht und dem kristallklaren Wasser der Korallenk\u00fcste!\",\"breadcrumb\":{\"@id\":\"https:\/\/www.overboardalghero.com\/de\/ausfahrten\/#breadcrumb\"},\"inLanguage\":\"de\",\"potentialAction\":[{\"@type\":\"ReadAction\",\"target\":[\"https:\/\/www.overboardalghero.com\/de\/ausfahrten\/\"]}]},{\"@type\":\"BreadcrumbList\",\"@id\":\"https:\/\/www.overboardalghero.com\/de\/ausfahrten\/#breadcrumb\",\"itemListElement\":[{\"@type\":\"ListItem\",\"position\":1,\"name\":\"Home\",\"item\":\"https:\/\/www.overboardalghero.com\/de\/\"},{\"@type\":\"ListItem\",\"position\":2,\"name\":\"Ausfahrten\"}]},{\"@type\":\"WebSite\",\"@id\":\"https:\/\/www.overboardalghero.com\/#website\",\"url\":\"https:\/\/www.overboardalghero.com\/\",\"name\":\"Overboard Alghero\",\"description\":\"Noleggio imbarcazioni\",\"publisher\":{\"@id\":\"https:\/\/www.overboardalghero.com\/#organization\"},\"potentialAction\":[{\"@type\":\"SearchAction\",\"target\":{\"@type\":\"EntryPoint\",\"urlTemplate\":\"https:\/\/www.overboardalghero.com\/?s={search_term_string}\"},\"query-input\":{\"@type\":\"PropertyValueSpecification\",\"valueRequired\":true,\"valueName\":\"search_term_string\"}}],\"inLanguage\":\"de\"},{\"@type\":\"Organization\",\"@id\":\"https:\/\/www.overboardalghero.com\/#organization\",\"name\":\"Overboard Alghero\",\"url\":\"https:\/\/www.overboardalghero.com\/\",\"logo\":{\"@type\":\"ImageObject\",\"inLanguage\":\"de\",\"@id\":\"https:\/\/www.overboardalghero.com\/#\/schema\/logo\/image\/\",\"url\":\"https:\/\/www.overboardalghero.com\/wp-content\/uploads\/2023\/04\/logo360.png\",\"contentUrl\":\"https:\/\/www.overboardalghero.com\/wp-content\/uploads\/2023\/04\/logo360.png\",\"width\":360,\"height\":75,\"caption\":\"Overboard Alghero\"},\"image\":{\"@id\":\"https:\/\/www.overboardalghero.com\/#\/schema\/logo\/image\/\"}}]}<\/script>\n<!-- \/ Yoast SEO plugin. -->","yoast_head_json":{"title":"Unsere Route","description":"W\u00e4hlen Sie aus mehr als 30 Etappen! Erleben Sie einen aufregenden Ausflug mit atemberaubender Aussicht und dem kristallklaren Wasser der Korallenk\u00fcste!","robots":{"index":"index","follow":"follow","max-snippet":"max-snippet:-1","max-image-preview":"max-image-preview:large","max-video-preview":"max-video-preview:-1"},"canonical":"https:\/\/www.overboardalghero.com\/de\/ausfahrten\/","og_locale":"de_DE","og_type":"article","og_title":"Unsere Route","og_description":"W\u00e4hlen Sie aus mehr als 30 Etappen! Erleben Sie einen aufregenden Ausflug mit atemberaubender Aussicht und dem kristallklaren Wasser der Korallenk\u00fcste!","og_url":"https:\/\/www.overboardalghero.com\/de\/ausfahrten\/","og_site_name":"Overboard Alghero","article_modified_time":"2023-06-14T10:15:59+00:00","twitter_card":"summary_large_image","twitter_misc":{"Gesch\u00e4tzte Lesezeit":"2\u00a0Minuten"},"schema":{"@context":"https:\/\/schema.org","@graph":[{"@type":"WebPage","@id":"https:\/\/www.overboardalghero.com\/de\/ausfahrten\/","url":"https:\/\/www.overboardalghero.com\/de\/ausfahrten\/","name":"Unsere Route","isPartOf":{"@id":"https:\/\/www.overboardalghero.com\/#website"},"datePublished":"2023-04-21T16:19:51+00:00","dateModified":"2023-06-14T10:15:59+00:00","description":"W\u00e4hlen Sie aus mehr als 30 Etappen! Erleben Sie einen aufregenden Ausflug mit atemberaubender Aussicht und dem kristallklaren Wasser der Korallenk\u00fcste!","breadcrumb":{"@id":"https:\/\/www.overboardalghero.com\/de\/ausfahrten\/#breadcrumb"},"inLanguage":"de","potentialAction":[{"@type":"ReadAction","target":["https:\/\/www.overboardalghero.com\/de\/ausfahrten\/"]}]},{"@type":"BreadcrumbList","@id":"https:\/\/www.overboardalghero.com\/de\/ausfahrten\/#breadcrumb","itemListElement":[{"@type":"ListItem","position":1,"name":"Home","item":"https:\/\/www.overboardalghero.com\/de\/"},{"@type":"ListItem","position":2,"name":"Ausfahrten"}]},{"@type":"WebSite","@id":"https:\/\/www.overboardalghero.com\/#website","url":"https:\/\/www.overboardalghero.com\/","name":"Overboard Alghero","description":"Noleggio imbarcazioni","publisher":{"@id":"https:\/\/www.overboardalghero.com\/#organization"},"potentialAction":[{"@type":"SearchAction","target":{"@type":"EntryPoint","urlTemplate":"https:\/\/www.overboardalghero.com\/?s={search_term_string}"},"query-input":{"@type":"PropertyValueSpecification","valueRequired":true,"valueName":"search_term_string"}}],"inLanguage":"de"},{"@type":"Organization","@id":"https:\/\/www.overboardalghero.com\/#organization","name":"Overboard Alghero","url":"https:\/\/www.overboardalghero.com\/","logo":{"@type":"ImageObject","inLanguage":"de","@id":"https:\/\/www.overboardalghero.com\/#\/schema\/logo\/image\/","url":"https:\/\/www.overboardalghero.com\/wp-content\/uploads\/2023\/04\/logo360.png","contentUrl":"https:\/\/www.overboardalghero.com\/wp-content\/uploads\/2023\/04\/logo360.png","width":360,"height":75,"caption":"Overboard Alghero"},"image":{"@id":"https:\/\/www.overboardalghero.com\/#\/schema\/logo\/image\/"}}]}},"_links":{"self":[{"href":"https:\/\/www.overboardalghero.com\/de\/wp-json\/wp\/v2\/pages\/1432","targetHints":{"allow":["GET"]}}],"collection":[{"href":"https:\/\/www.overboardalghero.com\/de\/wp-json\/wp\/v2\/pages"}],"about":[{"href":"https:\/\/www.overboardalghero.com\/de\/wp-json\/wp\/v2\/types\/page"}],"author":[{"embeddable":true,"href":"https:\/\/www.overboardalghero.com\/de\/wp-json\/wp\/v2\/users\/1"}],"replies":[{"embeddable":true,"href":"https:\/\/www.overboardalghero.com\/de\/wp-json\/wp\/v2\/comments?post=1432"}],"version-history":[{"count":20,"href":"https:\/\/www.overboardalghero.com\/de\/wp-json\/wp\/v2\/pages\/1432\/revisions"}],"predecessor-version":[{"id":1536,"href":"https:\/\/www.overboardalghero.com\/de\/wp-json\/wp\/v2\/pages\/1432\/revisions\/1536"}],"wp:attachment":[{"href":"https:\/\/www.overboardalghero.com\/de\/wp-json\/wp\/v2\/media?parent=1432"}],"curies":[{"name":"wp","href":"https:\/\/api.w.org\/{rel}","templated":true}]}}