{"id":1430,"date":"2023-04-21T19:03:49","date_gmt":"2023-04-21T17:03:49","guid":{"rendered":"https:\/\/www.overboardalghero.com\/contatti\/"},"modified":"2025-04-28T18:47:23","modified_gmt":"2025-04-28T16:47:23","slug":"kontakt","status":"publish","type":"page","link":"https:\/\/www.overboardalghero.com\/de\/kontakt\/","title":{"rendered":"Kontakt"},"content":{"rendered":"\t\t<div data-elementor-type=\"wp-page\" data-elementor-id=\"1430\" class=\"elementor elementor-1430 elementor-373\" data-elementor-post-type=\"page\">\n\t\t\t\t\t\t<section class=\"elementor-section elementor-top-section elementor-element elementor-element-aba6d70 elementor-section-height-min-height elementor-section-content-middle elementor-section-boxed elementor-section-height-default elementor-section-items-middle\" data-id=\"aba6d70\" data-element_type=\"section\" data-settings=\"{&quot;background_background&quot;:&quot;classic&quot;,&quot;shape_divider_bottom&quot;:&quot;waves&quot;}\">\n\t\t\t\t\t<div class=\"elementor-shape elementor-shape-bottom\" data-negative=\"false\">\n\t\t\t<svg xmlns=\"http:\/\/www.w3.org\/2000\/svg\" viewBox=\"0 0 1000 100\" preserveAspectRatio=\"none\">\n\t<path class=\"elementor-shape-fill\" d=\"M421.9,6.5c22.6-2.5,51.5,0.4,75.5,5.3c23.6,4.9,70.9,23.5,100.5,35.7c75.8,32.2,133.7,44.5,192.6,49.7\n\tc23.6,2.1,48.7,3.5,103.4-2.5c54.7-6,106.2-25.6,106.2-25.6V0H0v30.3c0,0,72,32.6,158.4,30.5c39.2-0.7,92.8-6.7,134-22.4\n\tc21.2-8.1,52.2-18.2,79.7-24.2C399.3,7.9,411.6,7.5,421.9,6.5z\"\/>\n<\/svg>\t\t<\/div>\n\t\t\t\t\t<div class=\"elementor-container elementor-column-gap-no\">\n\t\t\t\t\t<div class=\"elementor-column elementor-col-100 elementor-top-column elementor-element elementor-element-6ddcfab\" data-id=\"6ddcfab\" data-element_type=\"column\">\n\t\t\t<div class=\"elementor-widget-wrap elementor-element-populated\">\n\t\t\t\t\t\t<div class=\"elementor-element elementor-element-6cb844f elementor-widget elementor-widget-heading\" data-id=\"6cb844f\" data-element_type=\"widget\" data-widget_type=\"heading.default\">\n\t\t\t\t<div class=\"elementor-widget-container\">\n\t\t\t\t\t<h2 class=\"elementor-heading-title elementor-size-default\">Kontakt<\/h2>\t\t\t\t<\/div>\n\t\t\t\t<\/div>\n\t\t\t\t\t<\/div>\n\t\t<\/div>\n\t\t\t\t\t<\/div>\n\t\t<\/section>\n\t\t\t\t<section class=\"elementor-section elementor-top-section elementor-element elementor-element-42e81ea2 elementor-section-full_width elementor-section-height-default elementor-section-height-default\" data-id=\"42e81ea2\" data-element_type=\"section\" data-settings=\"{&quot;background_background&quot;:&quot;classic&quot;}\">\n\t\t\t\t\t\t<div class=\"elementor-container elementor-column-gap-no\">\n\t\t\t\t\t<div class=\"elementor-column elementor-col-100 elementor-top-column elementor-element elementor-element-8044e43\" data-id=\"8044e43\" data-element_type=\"column\">\n\t\t\t<div class=\"elementor-widget-wrap elementor-element-populated\">\n\t\t\t\t\t\t<section class=\"elementor-section elementor-inner-section elementor-element elementor-element-64716f2 elementor-section-full_width elementor-section-height-default elementor-section-height-default\" data-id=\"64716f2\" data-element_type=\"section\">\n\t\t\t\t\t\t<div class=\"elementor-container elementor-column-gap-default\">\n\t\t\t\t\t<div class=\"elementor-column elementor-col-50 elementor-inner-column elementor-element elementor-element-f78447d animated-fast elementor-invisible\" data-id=\"f78447d\" data-element_type=\"column\" data-settings=\"{&quot;background_background&quot;:&quot;classic&quot;,&quot;animation&quot;:&quot;fadeInLeft&quot;,&quot;animation_delay&quot;:500}\">\n\t\t\t<div class=\"elementor-widget-wrap elementor-element-populated\">\n\t\t\t\t\t\t<div class=\"elementor-element elementor-element-9196c06 elementor-widget elementor-widget-text-editor\" data-id=\"9196c06\" data-element_type=\"widget\" data-widget_type=\"text-editor.default\">\n\t\t\t\t<div class=\"elementor-widget-container\">\n\t\t\t\t\t\t\t\t\t<p><strong>Sie ben\u00f6tigen weitere Infos oder m\u00f6chten ein Schlauchboot mieten?<\/strong> <strong>Nehmen Sie einfach Kontakt mit uns auf!<\/strong><\/p>\t\t\t\t\t\t\t\t<\/div>\n\t\t\t\t<\/div>\n\t\t\t\t<div class=\"elementor-element elementor-element-c138c4f elementor-position-left elementor-mobile-position-left elementor-vertical-align-middle elementor-view-default elementor-widget elementor-widget-icon-box\" data-id=\"c138c4f\" data-element_type=\"widget\" data-widget_type=\"icon-box.default\">\n\t\t\t\t<div class=\"elementor-widget-container\">\n\t\t\t\t\t\t\t<div class=\"elementor-icon-box-wrapper\">\n\n\t\t\t\t\t\t<div class=\"elementor-icon-box-icon\">\n\t\t\t\t<a href=\"tel:+393467521613\" class=\"elementor-icon\" tabindex=\"-1\" aria-label=\"346 752 1613\">\n\t\t\t\t<i aria-hidden=\"true\" class=\"fas fa-phone-alt\"><\/i>\t\t\t\t<\/a>\n\t\t\t<\/div>\n\t\t\t\n\t\t\t\t\t\t<div class=\"elementor-icon-box-content\">\n\n\t\t\t\t\t\t\t\t\t<h3 class=\"elementor-icon-box-title\">\n\t\t\t\t\t\t<a href=\"tel:+393467521613\" >\n\t\t\t\t\t\t\t346 752 1613\t\t\t\t\t\t<\/a>\n\t\t\t\t\t<\/h3>\n\t\t\t\t\n\t\t\t\t\n\t\t\t<\/div>\n\t\t\t\n\t\t<\/div>\n\t\t\t\t\t\t<\/div>\n\t\t\t\t<\/div>\n\t\t\t\t<div class=\"elementor-element elementor-element-01fe2bf elementor-widget elementor-widget-text-editor\" data-id=\"01fe2bf\" data-element_type=\"widget\" data-widget_type=\"text-editor.default\">\n\t\t\t\t<div class=\"elementor-widget-container\">\n\t\t\t\t\t\t\t\t\t<p>Genie\u00dfen Sie einen wunderbaren Ausflug zu den verborgenen Sch\u00f6nheiten des Meeres von Alghero und g\u00f6nnen Sie sich einen unvergesslichen Tag.<\/p><p>Zu unseren Leistungen geh\u00f6ren Bootsverleih und auf Wunsch auch Skipperservice.<\/p>\t\t\t\t\t\t\t\t<\/div>\n\t\t\t\t<\/div>\n\t\t\t\t<div class=\"elementor-element elementor-element-239350f elementor-widget elementor-widget-text-editor\" data-id=\"239350f\" data-element_type=\"widget\" data-widget_type=\"text-editor.default\">\n\t\t\t\t<div class=\"elementor-widget-container\">\n\t\t\t\t\t\t\t\t\t<p><strong>F\u00fcllen Sie das untenstehende Formular aus!<\/strong><\/p>\t\t\t\t\t\t\t\t<\/div>\n\t\t\t\t<\/div>\n\t\t\t\t<div class=\"elementor-element elementor-element-98d878d elementor-widget elementor-widget-text-editor\" data-id=\"98d878d\" data-element_type=\"widget\" data-settings=\"{&quot;_animation&quot;:&quot;none&quot;}\" data-widget_type=\"text-editor.default\">\n\t\t\t\t<div class=\"elementor-widget-container\">\n\t\t\t\t\t\t\t\t\t\n<div class=\"wpcf7 no-js\" id=\"wpcf7-f1425-o1\" lang=\"it-IT\" dir=\"ltr\" data-wpcf7-id=\"1425\">\n<div class=\"screen-reader-response\"><p role=\"status\" aria-live=\"polite\" aria-atomic=\"true\"><\/p> <ul><\/ul><\/div>\n<form action=\"\/de\/wp-json\/wp\/v2\/pages\/1430#wpcf7-f1425-o1\" method=\"post\" class=\"wpcf7-form init wpcf7-acceptance-as-validation\" aria-label=\"Modulo di contatto\" novalidate=\"novalidate\" data-status=\"init\">\n<div style=\"display: none;\">\n<input type=\"hidden\" name=\"_wpcf7\" value=\"1425\" \/>\n<input type=\"hidden\" name=\"_wpcf7_version\" value=\"6.0.6\" \/>\n<input type=\"hidden\" name=\"_wpcf7_locale\" value=\"it_IT\" \/>\n<input type=\"hidden\" name=\"_wpcf7_unit_tag\" value=\"wpcf7-f1425-o1\" \/>\n<input type=\"hidden\" name=\"_wpcf7_container_post\" value=\"0\" \/>\n<input type=\"hidden\" name=\"_wpcf7_posted_data_hash\" value=\"\" \/>\n<input type=\"hidden\" name=\"_wpcf7_recaptcha_response\" value=\"\" \/>\n<\/div>\n<p><label> Ihr Name<br \/>\n<span class=\"wpcf7-form-control-wrap\" data-name=\"your-name\"><input size=\"40\" maxlength=\"400\" class=\"wpcf7-form-control wpcf7-text wpcf7-validates-as-required\" autocomplete=\"name\" aria-required=\"true\" aria-invalid=\"false\" value=\"\" type=\"text\" name=\"your-name\" \/><\/span> <\/label>\n<\/p>\n<p><label> Deine E-Mail<br \/>\n<span class=\"wpcf7-form-control-wrap\" data-name=\"your-email\"><input size=\"40\" maxlength=\"400\" class=\"wpcf7-form-control wpcf7-email wpcf7-validates-as-required wpcf7-text wpcf7-validates-as-email\" autocomplete=\"email\" aria-required=\"true\" aria-invalid=\"false\" value=\"\" type=\"email\" name=\"your-email\" \/><\/span> <\/label>\n<\/p>\n<p><label> Thema<br \/>\n<span class=\"wpcf7-form-control-wrap\" data-name=\"your-subject\"><input size=\"40\" maxlength=\"400\" class=\"wpcf7-form-control wpcf7-text wpcf7-validates-as-required\" aria-required=\"true\" aria-invalid=\"false\" value=\"\" type=\"text\" name=\"your-subject\" \/><\/span> <\/label>\n<\/p>\n<p><label> Ihre Nachricht<br \/>\n<span class=\"wpcf7-form-control-wrap\" data-name=\"your-message\"><textarea cols=\"40\" rows=\"10\" maxlength=\"2000\" class=\"wpcf7-form-control wpcf7-textarea\" aria-invalid=\"false\" name=\"your-message\"><\/textarea><\/span> <\/label>\n<\/p>\n<p><span class=\"privacy\"><br \/>\n<span class=\"wpcf7-form-control-wrap\" data-name=\"accept-this-3\"><span class=\"wpcf7-form-control wpcf7-acceptance\"><span class=\"wpcf7-list-item\"><input type=\"checkbox\" name=\"accept-this-3\" value=\"1\" aria-invalid=\"false\" \/><\/span><\/span><\/span> Ai sensi e per gli effetti degli articoli artt. 7,13 e 15 del Regolamento UE 2016\/679 dichiaro di aver preso visione dell\u2019 <a href=\"https:\/\/www.overboardalghero.com\/privacy-policy\/\">informativa<\/a> ed acconsento al trattamento dei dati personali.<\/span>\n<\/p>\n<p><input class=\"wpcf7-form-control wpcf7-submit has-spinner\" type=\"submit\" value=\"Nachricht senden\" \/>\n<\/p><div class=\"wpcf7-response-output\" aria-hidden=\"true\"><\/div>\n<\/form>\n<\/div>\n\t\t\t\t\t\t\t\t<\/div>\n\t\t\t\t<\/div>\n\t\t\t\t\t<\/div>\n\t\t<\/div>\n\t\t\t\t<div class=\"elementor-column elementor-col-50 elementor-inner-column elementor-element elementor-element-580de69 animated-fast elementor-invisible\" data-id=\"580de69\" data-element_type=\"column\" data-settings=\"{&quot;background_background&quot;:&quot;classic&quot;,&quot;animation&quot;:&quot;fadeInRight&quot;,&quot;animation_delay&quot;:500}\">\n\t\t\t<div class=\"elementor-widget-wrap elementor-element-populated\">\n\t\t\t\t\t\t<div class=\"elementor-element elementor-element-282209a elementor-widget elementor-widget-google_maps\" data-id=\"282209a\" data-element_type=\"widget\" data-widget_type=\"google_maps.default\">\n\t\t\t\t<div class=\"elementor-widget-container\">\n\t\t\t\t\t\t\t<div class=\"elementor-custom-embed\">\n\t\t\t<iframe loading=\"lazy\"\n\t\t\t\t\tsrc=\"https:\/\/maps.google.com\/maps?q=Via%20garibaldi%2010%2007041%20Alghero%20%28SS%29&#038;t=m&#038;z=18&#038;output=embed&#038;iwloc=near\"\n\t\t\t\t\ttitle=\"Via garibaldi 10 07041 Alghero (SS)\"\n\t\t\t\t\taria-label=\"Via garibaldi 10 07041 Alghero (SS)\"\n\t\t\t><\/iframe>\n\t\t<\/div>\n\t\t\t\t\t\t<\/div>\n\t\t\t\t<\/div>\n\t\t\t\t\t<\/div>\n\t\t<\/div>\n\t\t\t\t\t<\/div>\n\t\t<\/section>\n\t\t\t\t\t<\/div>\n\t\t<\/div>\n\t\t\t\t\t<\/div>\n\t\t<\/section>\n\t\t\t\t<\/div>\n\t\t","protected":false},"excerpt":{"rendered":"<p>Kontakt Sie ben\u00f6tigen weitere Infos oder m\u00f6chten ein Schlauchboot mieten? Nehmen Sie einfach Kontakt mit uns auf! 346 752 1613 Genie\u00dfen Sie einen wunderbaren Ausflug zu den verborgenen Sch\u00f6nheiten des Meeres von Alghero und g\u00f6nnen Sie sich einen unvergesslichen Tag. Zu unseren Leistungen geh\u00f6ren Bootsverleih und auf Wunsch auch Skipperservice. F\u00fcllen Sie das untenstehende Formular&hellip; <a class=\"more-link\" href=\"https:\/\/www.overboardalghero.com\/de\/kontakt\/\"><span class=\"screen-reader-text\">Kontakt<\/span> weiterlesen<\/a><\/p>\n","protected":false},"author":1,"featured_media":0,"parent":0,"menu_order":0,"comment_status":"closed","ping_status":"closed","template":"elementor_header_footer","meta":{"footnotes":""},"class_list":["post-1430","page","type-page","status-publish","hentry","entry"],"yoast_head":"<!-- This site is optimized with the Yoast SEO plugin v24.9 - https:\/\/yoast.com\/wordpress\/plugins\/seo\/ -->\n<title>Kontaktieren Sie uns f\u00fcr Infos und Buchungen!<\/title>\n<meta name=\"description\" content=\"Sie haben Fragen oder m\u00f6chten ein Schlauchboot mieten? F\u00fcllen Sie das Formular aus, wir beraten Sie gerne, welches der Boote sich am besten f\u00fcr Ihren Ausflug auf dem Meer von Alghero eignet!\" \/>\n<meta name=\"robots\" content=\"index, follow, max-snippet:-1, max-image-preview:large, max-video-preview:-1\" \/>\n<link rel=\"canonical\" href=\"https:\/\/www.overboardalghero.com\/de\/kontakt\/\" \/>\n<meta property=\"og:locale\" content=\"de_DE\" \/>\n<meta property=\"og:type\" content=\"article\" \/>\n<meta property=\"og:title\" content=\"Kontaktieren Sie uns f\u00fcr Infos und Buchungen!\" \/>\n<meta property=\"og:description\" content=\"Sie haben Fragen oder m\u00f6chten ein Schlauchboot mieten? F\u00fcllen Sie das Formular aus, wir beraten Sie gerne, welches der Boote sich am besten f\u00fcr Ihren Ausflug auf dem Meer von Alghero eignet!\" \/>\n<meta property=\"og:url\" content=\"https:\/\/www.overboardalghero.com\/de\/kontakt\/\" \/>\n<meta property=\"og:site_name\" content=\"Overboard Alghero\" \/>\n<meta property=\"article:modified_time\" content=\"2025-04-28T16:47:23+00:00\" \/>\n<meta name=\"twitter:card\" content=\"summary_large_image\" \/>\n<meta name=\"twitter:label1\" content=\"Gesch\u00e4tzte Lesezeit\" \/>\n\t<meta name=\"twitter:data1\" content=\"1\u00a0Minute\" \/>\n<script type=\"application\/ld+json\" class=\"yoast-schema-graph\">{\"@context\":\"https:\/\/schema.org\",\"@graph\":[{\"@type\":\"WebPage\",\"@id\":\"https:\/\/www.overboardalghero.com\/de\/kontakt\/\",\"url\":\"https:\/\/www.overboardalghero.com\/de\/kontakt\/\",\"name\":\"Kontaktieren Sie uns f\u00fcr Infos und Buchungen!\",\"isPartOf\":{\"@id\":\"https:\/\/www.overboardalghero.com\/#website\"},\"datePublished\":\"2023-04-21T17:03:49+00:00\",\"dateModified\":\"2025-04-28T16:47:23+00:00\",\"description\":\"Sie haben Fragen oder m\u00f6chten ein Schlauchboot mieten? F\u00fcllen Sie das Formular aus, wir beraten Sie gerne, welches der Boote sich am besten f\u00fcr Ihren Ausflug auf dem Meer von Alghero eignet!\",\"breadcrumb\":{\"@id\":\"https:\/\/www.overboardalghero.com\/de\/kontakt\/#breadcrumb\"},\"inLanguage\":\"de\",\"potentialAction\":[{\"@type\":\"ReadAction\",\"target\":[\"https:\/\/www.overboardalghero.com\/de\/kontakt\/\"]}]},{\"@type\":\"BreadcrumbList\",\"@id\":\"https:\/\/www.overboardalghero.com\/de\/kontakt\/#breadcrumb\",\"itemListElement\":[{\"@type\":\"ListItem\",\"position\":1,\"name\":\"Home\",\"item\":\"https:\/\/www.overboardalghero.com\/de\/\"},{\"@type\":\"ListItem\",\"position\":2,\"name\":\"Kontakt\"}]},{\"@type\":\"WebSite\",\"@id\":\"https:\/\/www.overboardalghero.com\/#website\",\"url\":\"https:\/\/www.overboardalghero.com\/\",\"name\":\"Overboard Alghero\",\"description\":\"Noleggio imbarcazioni\",\"publisher\":{\"@id\":\"https:\/\/www.overboardalghero.com\/#organization\"},\"potentialAction\":[{\"@type\":\"SearchAction\",\"target\":{\"@type\":\"EntryPoint\",\"urlTemplate\":\"https:\/\/www.overboardalghero.com\/?s={search_term_string}\"},\"query-input\":{\"@type\":\"PropertyValueSpecification\",\"valueRequired\":true,\"valueName\":\"search_term_string\"}}],\"inLanguage\":\"de\"},{\"@type\":\"Organization\",\"@id\":\"https:\/\/www.overboardalghero.com\/#organization\",\"name\":\"Overboard Alghero\",\"url\":\"https:\/\/www.overboardalghero.com\/\",\"logo\":{\"@type\":\"ImageObject\",\"inLanguage\":\"de\",\"@id\":\"https:\/\/www.overboardalghero.com\/#\/schema\/logo\/image\/\",\"url\":\"https:\/\/www.overboardalghero.com\/wp-content\/uploads\/2023\/04\/logo360.png\",\"contentUrl\":\"https:\/\/www.overboardalghero.com\/wp-content\/uploads\/2023\/04\/logo360.png\",\"width\":360,\"height\":75,\"caption\":\"Overboard Alghero\"},\"image\":{\"@id\":\"https:\/\/www.overboardalghero.com\/#\/schema\/logo\/image\/\"}}]}<\/script>\n<!-- \/ Yoast SEO plugin. -->","yoast_head_json":{"title":"Kontaktieren Sie uns f\u00fcr Infos und Buchungen!","description":"Sie haben Fragen oder m\u00f6chten ein Schlauchboot mieten? F\u00fcllen Sie das Formular aus, wir beraten Sie gerne, welches der Boote sich am besten f\u00fcr Ihren Ausflug auf dem Meer von Alghero eignet!","robots":{"index":"index","follow":"follow","max-snippet":"max-snippet:-1","max-image-preview":"max-image-preview:large","max-video-preview":"max-video-preview:-1"},"canonical":"https:\/\/www.overboardalghero.com\/de\/kontakt\/","og_locale":"de_DE","og_type":"article","og_title":"Kontaktieren Sie uns f\u00fcr Infos und Buchungen!","og_description":"Sie haben Fragen oder m\u00f6chten ein Schlauchboot mieten? F\u00fcllen Sie das Formular aus, wir beraten Sie gerne, welches der Boote sich am besten f\u00fcr Ihren Ausflug auf dem Meer von Alghero eignet!","og_url":"https:\/\/www.overboardalghero.com\/de\/kontakt\/","og_site_name":"Overboard Alghero","article_modified_time":"2025-04-28T16:47:23+00:00","twitter_card":"summary_large_image","twitter_misc":{"Gesch\u00e4tzte Lesezeit":"1\u00a0Minute"},"schema":{"@context":"https:\/\/schema.org","@graph":[{"@type":"WebPage","@id":"https:\/\/www.overboardalghero.com\/de\/kontakt\/","url":"https:\/\/www.overboardalghero.com\/de\/kontakt\/","name":"Kontaktieren Sie uns f\u00fcr Infos und Buchungen!","isPartOf":{"@id":"https:\/\/www.overboardalghero.com\/#website"},"datePublished":"2023-04-21T17:03:49+00:00","dateModified":"2025-04-28T16:47:23+00:00","description":"Sie haben Fragen oder m\u00f6chten ein Schlauchboot mieten? F\u00fcllen Sie das Formular aus, wir beraten Sie gerne, welches der Boote sich am besten f\u00fcr Ihren Ausflug auf dem Meer von Alghero eignet!","breadcrumb":{"@id":"https:\/\/www.overboardalghero.com\/de\/kontakt\/#breadcrumb"},"inLanguage":"de","potentialAction":[{"@type":"ReadAction","target":["https:\/\/www.overboardalghero.com\/de\/kontakt\/"]}]},{"@type":"BreadcrumbList","@id":"https:\/\/www.overboardalghero.com\/de\/kontakt\/#breadcrumb","itemListElement":[{"@type":"ListItem","position":1,"name":"Home","item":"https:\/\/www.overboardalghero.com\/de\/"},{"@type":"ListItem","position":2,"name":"Kontakt"}]},{"@type":"WebSite","@id":"https:\/\/www.overboardalghero.com\/#website","url":"https:\/\/www.overboardalghero.com\/","name":"Overboard Alghero","description":"Noleggio imbarcazioni","publisher":{"@id":"https:\/\/www.overboardalghero.com\/#organization"},"potentialAction":[{"@type":"SearchAction","target":{"@type":"EntryPoint","urlTemplate":"https:\/\/www.overboardalghero.com\/?s={search_term_string}"},"query-input":{"@type":"PropertyValueSpecification","valueRequired":true,"valueName":"search_term_string"}}],"inLanguage":"de"},{"@type":"Organization","@id":"https:\/\/www.overboardalghero.com\/#organization","name":"Overboard Alghero","url":"https:\/\/www.overboardalghero.com\/","logo":{"@type":"ImageObject","inLanguage":"de","@id":"https:\/\/www.overboardalghero.com\/#\/schema\/logo\/image\/","url":"https:\/\/www.overboardalghero.com\/wp-content\/uploads\/2023\/04\/logo360.png","contentUrl":"https:\/\/www.overboardalghero.com\/wp-content\/uploads\/2023\/04\/logo360.png","width":360,"height":75,"caption":"Overboard Alghero"},"image":{"@id":"https:\/\/www.overboardalghero.com\/#\/schema\/logo\/image\/"}}]}},"_links":{"self":[{"href":"https:\/\/www.overboardalghero.com\/de\/wp-json\/wp\/v2\/pages\/1430","targetHints":{"allow":["GET"]}}],"collection":[{"href":"https:\/\/www.overboardalghero.com\/de\/wp-json\/wp\/v2\/pages"}],"about":[{"href":"https:\/\/www.overboardalghero.com\/de\/wp-json\/wp\/v2\/types\/page"}],"author":[{"embeddable":true,"href":"https:\/\/www.overboardalghero.com\/de\/wp-json\/wp\/v2\/users\/1"}],"replies":[{"embeddable":true,"href":"https:\/\/www.overboardalghero.com\/de\/wp-json\/wp\/v2\/comments?post=1430"}],"version-history":[{"count":21,"href":"https:\/\/www.overboardalghero.com\/de\/wp-json\/wp\/v2\/pages\/1430\/revisions"}],"predecessor-version":[{"id":2106,"href":"https:\/\/www.overboardalghero.com\/de\/wp-json\/wp\/v2\/pages\/1430\/revisions\/2106"}],"wp:attachment":[{"href":"https:\/\/www.overboardalghero.com\/de\/wp-json\/wp\/v2\/media?parent=1430"}],"curies":[{"name":"wp","href":"https:\/\/api.w.org\/{rel}","templated":true}]}}